{"id":9878,"date":"2023-07-11T12:36:42","date_gmt":"2023-07-11T17:36:42","guid":{"rendered":"https:\/\/manna.pe\/?post_type=product&#038;p=9878"},"modified":"2024-11-04T15:29:13","modified_gmt":"2024-11-04T20:29:13","slug":"media-canchita","status":"publish","type":"product","link":"https:\/\/manna.pe\/en\/producto\/media-canchita\/","title":{"rendered":"Media Canchita"},"content":{"rendered":"<p>Todas nuestras medias son dise\u00f1adas y producidas en Per\u00fa.<\/p>\n<p>Cada media est\u00e1 compuesta por:<\/p>\n<p>85% Algod\u00f3n Peruano Peinado<\/p>\n<p>12% Nylon<\/p>\n<p>3% Spandex<\/p>\n<p>Este modelo es talla medium va desde la 35 a 39<\/p>\n","protected":false},"excerpt":{"rendered":"<p>Todas nuestras medias son dise\u00f1adas y producidas en Per\u00fa. Cada media est\u00e1 compuesta por: 85% Algod\u00f3n Peruano Peinado 12% Nylon 3% Spandex Este modelo es talla medium va desde la 35 a 39<\/p>\n","protected":false},"featured_media":11959,"template":"","meta":{"_acf_changed":false},"product_brand":[],"product_cat":[1232,1233,2168],"product_tag":[1210,2181,2119,2398,191,193,190,46,189],"class_list":{"0":"post-9878","1":"product","2":"type-product","3":"status-publish","4":"has-post-thumbnail","6":"product_cat-moda","7":"product_cat-mujer","8":"product_cat-medias","9":"product_tag-cine","10":"product_tag-medias-divertidas","11":"product_tag-pelicula","12":"product_tag-video","13":"product_tag-calcetines","14":"product_tag-canchita","15":"product_tag-media","16":"product_tag-medias","17":"product_tag-thre3","19":"first","20":"instock","21":"shipping-taxable","22":"purchasable","23":"product-type-simple"},"acf":[],"_links":{"self":[{"href":"https:\/\/manna.pe\/en\/wp-json\/wp\/v2\/product\/9878"}],"collection":[{"href":"https:\/\/manna.pe\/en\/wp-json\/wp\/v2\/product"}],"about":[{"href":"https:\/\/manna.pe\/en\/wp-json\/wp\/v2\/types\/product"}],"wp:featuredmedia":[{"embeddable":true,"href":"https:\/\/manna.pe\/en\/wp-json\/wp\/v2\/media\/11959"}],"wp:attachment":[{"href":"https:\/\/manna.pe\/en\/wp-json\/wp\/v2\/media?parent=9878"}],"wp:term":[{"taxonomy":"product_brand","embeddable":true,"href":"https:\/\/manna.pe\/en\/wp-json\/wp\/v2\/product_brand?post=9878"},{"taxonomy":"product_cat","embeddable":true,"href":"https:\/\/manna.pe\/en\/wp-json\/wp\/v2\/product_cat?post=9878"},{"taxonomy":"product_tag","embeddable":true,"href":"https:\/\/manna.pe\/en\/wp-json\/wp\/v2\/product_tag?post=9878"}],"curies":[{"name":"wp","href":"https:\/\/api.w.org\/{rel}","templated":true}]}}