{"id":979,"date":"2019-12-09T21:36:22","date_gmt":"2019-12-10T02:36:22","guid":{"rendered":"https:\/\/manna.pe\/producto\/cojin-de-frida\/"},"modified":"2024-10-25T20:42:53","modified_gmt":"2024-10-26T01:42:53","slug":"cojin-de-frida","status":"publish","type":"product","link":"https:\/\/manna.pe\/en\/producto\/cojin-de-frida\/","title":{"rendered":"Cojin de frida"},"content":{"rendered":"<p>Coj\u00edn de pa\u00f1o lenci, popelina, relleno con napa antial\u00e9rgica, flores y aretes confeccionados a mano, mide 25 * 28 cm.<\/p>\n","protected":false},"excerpt":{"rendered":"<p>Coj\u00edn de pa\u00f1o lenci, popelina, relleno con napa antial\u00e9rgica, flores y aretes confeccionados a mano, mide 25 * 28 cm.<\/p>\n","protected":false},"featured_media":1042,"template":"","meta":{"_acf_changed":false},"product_brand":[],"product_cat":[30,104],"product_tag":[197,198,180,199,188],"class_list":{"0":"post-979","1":"product","2":"type-product","3":"status-publish","4":"has-post-thumbnail","6":"product_cat-decohogar","7":"product_cat-cojines","8":"product_tag-cojin","9":"product_tag-cojines","10":"product_tag-decoracion","11":"product_tag-frida","12":"product_tag-maqui-art","14":"first","15":"instock","16":"shipping-taxable","17":"purchasable","18":"product-type-simple"},"acf":[],"_links":{"self":[{"href":"https:\/\/manna.pe\/en\/wp-json\/wp\/v2\/product\/979"}],"collection":[{"href":"https:\/\/manna.pe\/en\/wp-json\/wp\/v2\/product"}],"about":[{"href":"https:\/\/manna.pe\/en\/wp-json\/wp\/v2\/types\/product"}],"wp:featuredmedia":[{"embeddable":true,"href":"https:\/\/manna.pe\/en\/wp-json\/wp\/v2\/media\/1042"}],"wp:attachment":[{"href":"https:\/\/manna.pe\/en\/wp-json\/wp\/v2\/media?parent=979"}],"wp:term":[{"taxonomy":"product_brand","embeddable":true,"href":"https:\/\/manna.pe\/en\/wp-json\/wp\/v2\/product_brand?post=979"},{"taxonomy":"product_cat","embeddable":true,"href":"https:\/\/manna.pe\/en\/wp-json\/wp\/v2\/product_cat?post=979"},{"taxonomy":"product_tag","embeddable":true,"href":"https:\/\/manna.pe\/en\/wp-json\/wp\/v2\/product_tag?post=979"}],"curies":[{"name":"wp","href":"https:\/\/api.w.org\/{rel}","templated":true}]}}