{"id":9447,"date":"2023-04-22T14:59:34","date_gmt":"2023-04-22T19:59:34","guid":{"rendered":"https:\/\/manna.pe\/?post_type=product&#038;p=9447"},"modified":"2024-10-25T20:47:58","modified_gmt":"2024-10-26T01:47:58","slug":"medias-anclas","status":"publish","type":"product","link":"https:\/\/manna.pe\/en\/producto\/medias-anclas\/","title":{"rendered":"Medias Anclas"},"content":{"rendered":"","protected":false},"excerpt":{"rendered":"<p>Medias taloneras en algod\u00f3n , cuenta con dise\u00f1os din\u00e1micos, creativos y divertidos.<\/p>\n<p>Las tallas van desde la talla 40-44 (Large)<\/p>\n","protected":false},"featured_media":9444,"template":"","meta":{"_acf_changed":false},"product_brand":[],"product_cat":[1232,2168],"product_tag":[2180,2178,190,46],"class_list":{"0":"post-9447","1":"product","2":"type-product","3":"status-publish","4":"has-post-thumbnail","6":"product_cat-moda","7":"product_cat-medias","8":"product_tag-anclas","9":"product_tag-socks","10":"product_tag-media","11":"product_tag-medias","12":"pa_talla-large","14":"first","15":"instock","16":"shipping-taxable","17":"purchasable","18":"product-type-variable"},"acf":[],"_links":{"self":[{"href":"https:\/\/manna.pe\/en\/wp-json\/wp\/v2\/product\/9447"}],"collection":[{"href":"https:\/\/manna.pe\/en\/wp-json\/wp\/v2\/product"}],"about":[{"href":"https:\/\/manna.pe\/en\/wp-json\/wp\/v2\/types\/product"}],"wp:featuredmedia":[{"embeddable":true,"href":"https:\/\/manna.pe\/en\/wp-json\/wp\/v2\/media\/9444"}],"wp:attachment":[{"href":"https:\/\/manna.pe\/en\/wp-json\/wp\/v2\/media?parent=9447"}],"wp:term":[{"taxonomy":"product_brand","embeddable":true,"href":"https:\/\/manna.pe\/en\/wp-json\/wp\/v2\/product_brand?post=9447"},{"taxonomy":"product_cat","embeddable":true,"href":"https:\/\/manna.pe\/en\/wp-json\/wp\/v2\/product_cat?post=9447"},{"taxonomy":"product_tag","embeddable":true,"href":"https:\/\/manna.pe\/en\/wp-json\/wp\/v2\/product_tag?post=9447"}],"curies":[{"name":"wp","href":"https:\/\/api.w.org\/{rel}","templated":true}]}}