{"id":9370,"date":"2023-04-22T00:03:31","date_gmt":"2023-04-22T05:03:31","guid":{"rendered":"https:\/\/manna.pe\/?post_type=product&#038;p=9370"},"modified":"2024-10-25T20:40:23","modified_gmt":"2024-10-26T01:40:23","slug":"cuadro-nunca-es-tarde","status":"publish","type":"product","link":"https:\/\/manna.pe\/en\/producto\/cuadro-nunca-es-tarde\/","title":{"rendered":"Cuadro Nunca es tarde"},"content":{"rendered":"","protected":false},"excerpt":{"rendered":"<p><span data-sheets-value=\"{\" data-sheets-userformat=\"{\">Cuadro de trup\u00e1n forrado con papel peri\u00f3dico, pintado a mano a colores con tem\u00e1ticas diversas ,dise\u00f1os \u00fanicos y tem\u00e1ticos.<\/span><\/p>\n","protected":false},"featured_media":9362,"template":"","meta":{"_acf_changed":false},"product_brand":[],"product_cat":[30,102],"product_tag":[540,204,180],"class_list":{"0":"post-9370","1":"product","2":"type-product","3":"status-publish","4":"has-post-thumbnail","6":"product_cat-decohogar","7":"product_cat-cuadros","8":"product_tag-cuadros","9":"product_tag-cuadro","10":"product_tag-decoracion","12":"first","13":"instock","14":"shipping-taxable","15":"purchasable","16":"product-type-simple"},"acf":[],"_links":{"self":[{"href":"https:\/\/manna.pe\/en\/wp-json\/wp\/v2\/product\/9370"}],"collection":[{"href":"https:\/\/manna.pe\/en\/wp-json\/wp\/v2\/product"}],"about":[{"href":"https:\/\/manna.pe\/en\/wp-json\/wp\/v2\/types\/product"}],"wp:featuredmedia":[{"embeddable":true,"href":"https:\/\/manna.pe\/en\/wp-json\/wp\/v2\/media\/9362"}],"wp:attachment":[{"href":"https:\/\/manna.pe\/en\/wp-json\/wp\/v2\/media?parent=9370"}],"wp:term":[{"taxonomy":"product_brand","embeddable":true,"href":"https:\/\/manna.pe\/en\/wp-json\/wp\/v2\/product_brand?post=9370"},{"taxonomy":"product_cat","embeddable":true,"href":"https:\/\/manna.pe\/en\/wp-json\/wp\/v2\/product_cat?post=9370"},{"taxonomy":"product_tag","embeddable":true,"href":"https:\/\/manna.pe\/en\/wp-json\/wp\/v2\/product_tag?post=9370"}],"curies":[{"name":"wp","href":"https:\/\/api.w.org\/{rel}","templated":true}]}}