{"id":9367,"date":"2023-04-22T00:01:38","date_gmt":"2023-04-22T05:01:38","guid":{"rendered":"https:\/\/manna.pe\/?post_type=product&#038;p=9367"},"modified":"2024-10-25T20:42:41","modified_gmt":"2024-10-26T01:42:41","slug":"cuadro-drama","status":"publish","type":"product","link":"https:\/\/manna.pe\/en\/producto\/cuadro-drama\/","title":{"rendered":"Cuadro Drama"},"content":{"rendered":"","protected":false},"excerpt":{"rendered":"<p><span data-sheets-value=\"{\" data-sheets-userformat=\"{\">Cuadro de trup\u00e1n forrado con papel peri\u00f3dico, pintado a mano a colores con tem\u00e1ticas diversas ,dise\u00f1os \u00fanicos y tem\u00e1ticos<\/span><\/p>\n","protected":false},"featured_media":9357,"template":"","meta":{"_acf_changed":false},"product_brand":[],"product_cat":[30,102],"product_tag":[540,2158,204,180],"class_list":{"0":"post-9367","1":"product","2":"type-product","3":"status-publish","4":"has-post-thumbnail","6":"product_cat-decohogar","7":"product_cat-cuadros","8":"product_tag-cuadros","9":"product_tag-drama","10":"product_tag-cuadro","11":"product_tag-decoracion","13":"first","14":"instock","15":"shipping-taxable","16":"purchasable","17":"product-type-simple"},"acf":[],"_links":{"self":[{"href":"https:\/\/manna.pe\/en\/wp-json\/wp\/v2\/product\/9367"}],"collection":[{"href":"https:\/\/manna.pe\/en\/wp-json\/wp\/v2\/product"}],"about":[{"href":"https:\/\/manna.pe\/en\/wp-json\/wp\/v2\/types\/product"}],"wp:featuredmedia":[{"embeddable":true,"href":"https:\/\/manna.pe\/en\/wp-json\/wp\/v2\/media\/9357"}],"wp:attachment":[{"href":"https:\/\/manna.pe\/en\/wp-json\/wp\/v2\/media?parent=9367"}],"wp:term":[{"taxonomy":"product_brand","embeddable":true,"href":"https:\/\/manna.pe\/en\/wp-json\/wp\/v2\/product_brand?post=9367"},{"taxonomy":"product_cat","embeddable":true,"href":"https:\/\/manna.pe\/en\/wp-json\/wp\/v2\/product_cat?post=9367"},{"taxonomy":"product_tag","embeddable":true,"href":"https:\/\/manna.pe\/en\/wp-json\/wp\/v2\/product_tag?post=9367"}],"curies":[{"name":"wp","href":"https:\/\/api.w.org\/{rel}","templated":true}]}}