{"id":9366,"date":"2023-04-21T19:13:58","date_gmt":"2023-04-22T00:13:58","guid":{"rendered":"https:\/\/manna.pe\/?post_type=product&#038;p=9366"},"modified":"2025-04-08T11:53:52","modified_gmt":"2025-04-08T16:53:52","slug":"cuadro-love-pride","status":"publish","type":"product","link":"https:\/\/manna.pe\/en\/producto\/cuadro-love-pride\/","title":{"rendered":"Cuadro Love Pride"},"content":{"rendered":"","protected":false},"excerpt":{"rendered":"<p><span data-sheets-value=\"{\" data-sheets-userformat=\"{\">Cuadro de trup\u00e1n forrado con papel peri\u00f3dico, pintado a mano a colores con tem\u00e1ticas diversas ,dise\u00f1os \u00fanicos y tem\u00e1ticos.<\/span><\/p>\n","protected":false},"featured_media":9359,"template":"","meta":{"_acf_changed":false},"product_brand":[],"product_cat":[30,102],"product_tag":[540,204,180,218],"class_list":{"0":"post-9366","1":"product","2":"type-product","3":"status-publish","4":"has-post-thumbnail","6":"product_cat-decohogar","7":"product_cat-cuadros","8":"product_tag-cuadros","9":"product_tag-cuadro","10":"product_tag-decoracion","11":"product_tag-love","13":"first","14":"outofstock","15":"shipping-taxable","16":"purchasable","17":"product-type-simple"},"acf":[],"_links":{"self":[{"href":"https:\/\/manna.pe\/en\/wp-json\/wp\/v2\/product\/9366"}],"collection":[{"href":"https:\/\/manna.pe\/en\/wp-json\/wp\/v2\/product"}],"about":[{"href":"https:\/\/manna.pe\/en\/wp-json\/wp\/v2\/types\/product"}],"wp:featuredmedia":[{"embeddable":true,"href":"https:\/\/manna.pe\/en\/wp-json\/wp\/v2\/media\/9359"}],"wp:attachment":[{"href":"https:\/\/manna.pe\/en\/wp-json\/wp\/v2\/media?parent=9366"}],"wp:term":[{"taxonomy":"product_brand","embeddable":true,"href":"https:\/\/manna.pe\/en\/wp-json\/wp\/v2\/product_brand?post=9366"},{"taxonomy":"product_cat","embeddable":true,"href":"https:\/\/manna.pe\/en\/wp-json\/wp\/v2\/product_cat?post=9366"},{"taxonomy":"product_tag","embeddable":true,"href":"https:\/\/manna.pe\/en\/wp-json\/wp\/v2\/product_tag?post=9366"}],"curies":[{"name":"wp","href":"https:\/\/api.w.org\/{rel}","templated":true}]}}