{"id":7257,"date":"2022-04-28T10:51:42","date_gmt":"2022-04-28T15:51:42","guid":{"rendered":"https:\/\/manna.pe\/?post_type=product&#038;p=7257"},"modified":"2024-10-25T20:39:59","modified_gmt":"2024-10-26T01:39:59","slug":"dream","status":"publish","type":"product","link":"https:\/\/manna.pe\/en\/producto\/dream\/","title":{"rendered":"Dream en Concreto"},"content":{"rendered":"<p>Este hermoso dise\u00f1o de concreto con la palabra &#8220;Dream&#8221; y una delicada mariposa decorativa es ideal para inspirar sue\u00f1os y creatividad en cualquier espacio. Perfecto para agregar un toque de fantas\u00eda y estilo a tu hogar, es una pieza decorativa resistente y con personalidad \u00fanica.<\/p>\n","protected":false},"excerpt":{"rendered":"<p>Este hermoso dise\u00f1o de concreto con la palabra &#8220;Dream&#8221; y una delicada mariposa decorativa es ideal para inspirar sue\u00f1os y creatividad en cualquier espacio. Perfecto para agregar un toque de fantas\u00eda y estilo a tu hogar, es una pieza decorativa resistente y con personalidad \u00fanica.<\/p>\n","protected":false},"featured_media":11836,"template":"","meta":{"_acf_changed":false},"product_brand":[],"product_cat":[30,108],"product_tag":[1563,1007,221],"class_list":{"0":"post-7257","1":"product","2":"type-product","3":"status-publish","4":"has-post-thumbnail","6":"product_cat-decohogar","7":"product_cat-letras_concreto","8":"product_tag-letra","9":"product_tag-sueno","10":"product_tag-cemento","12":"first","13":"instock","14":"shipping-taxable","15":"purchasable","16":"product-type-simple"},"acf":[],"_links":{"self":[{"href":"https:\/\/manna.pe\/en\/wp-json\/wp\/v2\/product\/7257"}],"collection":[{"href":"https:\/\/manna.pe\/en\/wp-json\/wp\/v2\/product"}],"about":[{"href":"https:\/\/manna.pe\/en\/wp-json\/wp\/v2\/types\/product"}],"wp:featuredmedia":[{"embeddable":true,"href":"https:\/\/manna.pe\/en\/wp-json\/wp\/v2\/media\/11836"}],"wp:attachment":[{"href":"https:\/\/manna.pe\/en\/wp-json\/wp\/v2\/media?parent=7257"}],"wp:term":[{"taxonomy":"product_brand","embeddable":true,"href":"https:\/\/manna.pe\/en\/wp-json\/wp\/v2\/product_brand?post=7257"},{"taxonomy":"product_cat","embeddable":true,"href":"https:\/\/manna.pe\/en\/wp-json\/wp\/v2\/product_cat?post=7257"},{"taxonomy":"product_tag","embeddable":true,"href":"https:\/\/manna.pe\/en\/wp-json\/wp\/v2\/product_tag?post=7257"}],"curies":[{"name":"wp","href":"https:\/\/api.w.org\/{rel}","templated":true}]}}