{"id":7147,"date":"2022-04-07T10:00:07","date_gmt":"2022-04-07T15:00:07","guid":{"rendered":"https:\/\/manna.pe\/?post_type=product&#038;p=7147"},"modified":"2025-01-20T14:06:55","modified_gmt":"2025-01-20T19:06:55","slug":"tarjeta-vales-un-peru","status":"publish","type":"product","link":"https:\/\/manna.pe\/en\/producto\/tarjeta-vales-un-peru\/","title":{"rendered":"Tarjeta Vales un Per\u00fa"},"content":{"rendered":"<p>\u00a1Vales un Per\u00fa! As\u00ed de grande eres. Nos inspiramos en el maravilloso pa\u00eds en el que vivimos para ilustrar esta tarjeta.<\/p>\n<p>16 x 12 cms<\/p>\n<p>Acabado mate, parte interna en blanco, impresi\u00f3n de alta calidad.<\/p>\n","protected":false},"excerpt":{"rendered":"<p>\u00a1Vales un Per\u00fa! As\u00ed de grande eres. Nos inspiramos en el maravilloso pa\u00eds en el que vivimos para ilustrar esta tarjeta. 16 x 12 cms Acabado mate, parte interna en blanco, impresi\u00f3n de alta calidad.<\/p>\n","protected":false},"featured_media":7148,"template":"","meta":{"_acf_changed":false},"product_brand":[],"product_cat":[2226,81,2231],"product_tag":[1522,160,153],"class_list":{"0":"post-7147","1":"product","2":"type-product","3":"status-publish","4":"has-post-thumbnail","6":"product_cat-celebraciones","7":"product_cat-tarjetas","8":"product_cat-recuerdos-peru","9":"product_tag-vales","10":"product_tag-peru","11":"product_tag-tarjeta","13":"first","14":"outofstock","15":"shipping-taxable","16":"purchasable","17":"product-type-simple"},"acf":[],"_links":{"self":[{"href":"https:\/\/manna.pe\/en\/wp-json\/wp\/v2\/product\/7147"}],"collection":[{"href":"https:\/\/manna.pe\/en\/wp-json\/wp\/v2\/product"}],"about":[{"href":"https:\/\/manna.pe\/en\/wp-json\/wp\/v2\/types\/product"}],"wp:featuredmedia":[{"embeddable":true,"href":"https:\/\/manna.pe\/en\/wp-json\/wp\/v2\/media\/7148"}],"wp:attachment":[{"href":"https:\/\/manna.pe\/en\/wp-json\/wp\/v2\/media?parent=7147"}],"wp:term":[{"taxonomy":"product_brand","embeddable":true,"href":"https:\/\/manna.pe\/en\/wp-json\/wp\/v2\/product_brand?post=7147"},{"taxonomy":"product_cat","embeddable":true,"href":"https:\/\/manna.pe\/en\/wp-json\/wp\/v2\/product_cat?post=7147"},{"taxonomy":"product_tag","embeddable":true,"href":"https:\/\/manna.pe\/en\/wp-json\/wp\/v2\/product_tag?post=7147"}],"curies":[{"name":"wp","href":"https:\/\/api.w.org\/{rel}","templated":true}]}}