{"id":7142,"date":"2022-04-07T09:44:13","date_gmt":"2022-04-07T14:44:13","guid":{"rendered":"https:\/\/manna.pe\/?post_type=product&#038;p=7142"},"modified":"2024-10-25T20:47:21","modified_gmt":"2024-10-26T01:47:21","slug":"libreta-frutos-del-norte","status":"publish","type":"product","link":"https:\/\/manna.pe\/en\/producto\/libreta-frutos-del-norte\/","title":{"rendered":"Libreta Frutos del Norte"},"content":{"rendered":"<p>Nuestra libreta Frutos del Norte fue\u00a0ilustrada y hecha orgullosamente en Per\u00fa con materiales que provienen de bosques responsables (cuenta con certificaci\u00f3n FSC\u00ae). Elegimos las frutas m\u00e1s representativas de la tierra f\u00e9rtil piurana: el mango, el lim\u00f3n y el pl\u00e1tano para que los lleves en tus apuntes diarios.<\/p>\n<p>16 x 23.5 cms<br \/>\nRayada por dentro<br \/>\nCartulina y papel fino reciclado<br \/>\nAcabado mate<\/p>\n","protected":false},"excerpt":{"rendered":"<p>Nuestra libreta Frutos del Norte fue\u00a0ilustrada y hecha orgullosamente en Per\u00fa con materiales que provienen de bosques responsables (cuenta con certificaci\u00f3n FSC\u00ae). Elegimos las frutas m\u00e1s representativas de la tierra f\u00e9rtil piurana: el mango, el lim\u00f3n y el pl\u00e1tano para que los lleves en tus apuntes diarios. 16 x 23.5 cms Rayada por dentro Cartulina [&hellip;]<\/p>\n","protected":false},"featured_media":8628,"template":"","meta":{"_acf_changed":false},"product_brand":[],"product_cat":[2231,34],"product_tag":[1519,317,1520],"class_list":{"0":"post-7142","1":"product","2":"type-product","3":"status-publish","4":"has-post-thumbnail","6":"product_cat-recuerdos-peru","7":"product_cat-escritorio-y-oficina","8":"product_tag-frutos","9":"product_tag-libreta","10":"product_tag-norte","12":"first","13":"instock","14":"shipping-taxable","15":"purchasable","16":"product-type-simple"},"acf":[],"_links":{"self":[{"href":"https:\/\/manna.pe\/en\/wp-json\/wp\/v2\/product\/7142"}],"collection":[{"href":"https:\/\/manna.pe\/en\/wp-json\/wp\/v2\/product"}],"about":[{"href":"https:\/\/manna.pe\/en\/wp-json\/wp\/v2\/types\/product"}],"wp:featuredmedia":[{"embeddable":true,"href":"https:\/\/manna.pe\/en\/wp-json\/wp\/v2\/media\/8628"}],"wp:attachment":[{"href":"https:\/\/manna.pe\/en\/wp-json\/wp\/v2\/media?parent=7142"}],"wp:term":[{"taxonomy":"product_brand","embeddable":true,"href":"https:\/\/manna.pe\/en\/wp-json\/wp\/v2\/product_brand?post=7142"},{"taxonomy":"product_cat","embeddable":true,"href":"https:\/\/manna.pe\/en\/wp-json\/wp\/v2\/product_cat?post=7142"},{"taxonomy":"product_tag","embeddable":true,"href":"https:\/\/manna.pe\/en\/wp-json\/wp\/v2\/product_tag?post=7142"}],"curies":[{"name":"wp","href":"https:\/\/api.w.org\/{rel}","templated":true}]}}