{"id":7098,"date":"2022-04-04T11:31:27","date_gmt":"2022-04-04T16:31:27","guid":{"rendered":"https:\/\/manna.pe\/?post_type=product&#038;p=7098"},"modified":"2025-01-20T14:09:39","modified_gmt":"2025-01-20T19:09:39","slug":"planner-semanal-selva-tropical","status":"publish","type":"product","link":"https:\/\/manna.pe\/en\/producto\/planner-semanal-selva-tropical\/","title":{"rendered":"Planner Semanal Selva Tropical"},"content":{"rendered":"<p>Nuestro Planner Selva Tropical ha sido orgullosamente ilustrado en Per\u00fa. La diversidad de la flora y fauna de nuestra selva: nuestro emblem\u00e1tico gallito de las rocas, oso de anteojos, otorongo, guacamayo, mono aullador, perezoso, tuc\u00e1n, mariposas azules, buceo. Rodeado de nuestra flora como las heliconias, las orejas de elefante y belleza de la flor de loto.<\/p>\n<p>24 x 17 cms<br \/>\n48 hojas de 90 grs<br \/>\nSin fechas.\u00a0Puntas boleadas.<\/p>\n","protected":false},"excerpt":{"rendered":"<p>Nuestro Planner Selva Tropical ha sido orgullosamente ilustrado en Per\u00fa. La diversidad de la flora y fauna de nuestra selva: nuestro emblem\u00e1tico gallito de las rocas, oso de anteojos, otorongo, guacamayo, mono aullador, perezoso, tuc\u00e1n, mariposas azules, buceo. Rodeado de nuestra flora como las heliconias, las orejas de elefante y belleza de la flor de [&hellip;]<\/p>\n","protected":false},"featured_media":7097,"template":"","meta":{"_acf_changed":false},"product_brand":[],"product_cat":[2231,34],"product_tag":[952,284,1465,263],"class_list":{"0":"post-7098","1":"product","2":"type-product","3":"status-publish","4":"has-post-thumbnail","6":"product_cat-recuerdos-peru","7":"product_cat-escritorio-y-oficina","8":"product_tag-planner","9":"product_tag-selva","10":"product_tag-semanal","11":"product_tag-escritorio","13":"first","14":"instock","15":"shipping-taxable","16":"purchasable","17":"product-type-simple"},"acf":[],"_links":{"self":[{"href":"https:\/\/manna.pe\/en\/wp-json\/wp\/v2\/product\/7098"}],"collection":[{"href":"https:\/\/manna.pe\/en\/wp-json\/wp\/v2\/product"}],"about":[{"href":"https:\/\/manna.pe\/en\/wp-json\/wp\/v2\/types\/product"}],"wp:featuredmedia":[{"embeddable":true,"href":"https:\/\/manna.pe\/en\/wp-json\/wp\/v2\/media\/7097"}],"wp:attachment":[{"href":"https:\/\/manna.pe\/en\/wp-json\/wp\/v2\/media?parent=7098"}],"wp:term":[{"taxonomy":"product_brand","embeddable":true,"href":"https:\/\/manna.pe\/en\/wp-json\/wp\/v2\/product_brand?post=7098"},{"taxonomy":"product_cat","embeddable":true,"href":"https:\/\/manna.pe\/en\/wp-json\/wp\/v2\/product_cat?post=7098"},{"taxonomy":"product_tag","embeddable":true,"href":"https:\/\/manna.pe\/en\/wp-json\/wp\/v2\/product_tag?post=7098"}],"curies":[{"name":"wp","href":"https:\/\/api.w.org\/{rel}","templated":true}]}}