{"id":7093,"date":"2022-04-04T11:22:36","date_gmt":"2022-04-04T16:22:36","guid":{"rendered":"https:\/\/manna.pe\/?post_type=product&#038;p=7093"},"modified":"2025-01-20T14:10:39","modified_gmt":"2025-01-20T19:10:39","slug":"notepad-amazonia","status":"publish","type":"product","link":"https:\/\/manna.pe\/en\/producto\/notepad-amazonia\/","title":{"rendered":"Notepad Amazon\u00eda"},"content":{"rendered":"<p>Orgullosamente ilustrado en Per\u00fa. Inspirado en la flora y fauna de nuestra hermosa amazon\u00eda peruana.<\/p>\n<p>50 hojas de 90 grs<br \/>\n10 x 17.5 cms<\/p>\n","protected":false},"excerpt":{"rendered":"<p>Orgullosamente ilustrado en Per\u00fa. Inspirado en la flora y fauna de nuestra hermosa amazon\u00eda peruana. 50 hojas de 90 grs 10 x 17.5 cms<\/p>\n","protected":false},"featured_media":7094,"template":"","meta":{"_acf_changed":false},"product_brand":[],"product_cat":[2231,34],"product_tag":[1495,1494,160],"class_list":{"0":"post-7093","1":"product","2":"type-product","3":"status-publish","4":"has-post-thumbnail","6":"product_cat-recuerdos-peru","7":"product_cat-escritorio-y-oficina","8":"product_tag-amazonia","9":"product_tag-notepad","10":"product_tag-peru","12":"first","13":"instock","14":"shipping-taxable","15":"purchasable","16":"product-type-simple"},"acf":[],"_links":{"self":[{"href":"https:\/\/manna.pe\/en\/wp-json\/wp\/v2\/product\/7093"}],"collection":[{"href":"https:\/\/manna.pe\/en\/wp-json\/wp\/v2\/product"}],"about":[{"href":"https:\/\/manna.pe\/en\/wp-json\/wp\/v2\/types\/product"}],"wp:featuredmedia":[{"embeddable":true,"href":"https:\/\/manna.pe\/en\/wp-json\/wp\/v2\/media\/7094"}],"wp:attachment":[{"href":"https:\/\/manna.pe\/en\/wp-json\/wp\/v2\/media?parent=7093"}],"wp:term":[{"taxonomy":"product_brand","embeddable":true,"href":"https:\/\/manna.pe\/en\/wp-json\/wp\/v2\/product_brand?post=7093"},{"taxonomy":"product_cat","embeddable":true,"href":"https:\/\/manna.pe\/en\/wp-json\/wp\/v2\/product_cat?post=7093"},{"taxonomy":"product_tag","embeddable":true,"href":"https:\/\/manna.pe\/en\/wp-json\/wp\/v2\/product_tag?post=7093"}],"curies":[{"name":"wp","href":"https:\/\/api.w.org\/{rel}","templated":true}]}}