{"id":6785,"date":"2021-12-12T17:10:01","date_gmt":"2021-12-12T22:10:01","guid":{"rendered":"https:\/\/manna.pe\/?post_type=product&#038;p=6785"},"modified":"2024-10-25T20:46:59","modified_gmt":"2024-10-26T01:46:59","slug":"decoracion-home-vertical","status":"publish","type":"product","link":"https:\/\/manna.pe\/en\/producto\/decoracion-home-vertical\/","title":{"rendered":"Home Vertical en Concreto"},"content":{"rendered":"<p>Esta pieza decorativa de concreto con la frase &#8220;Home&#8221; acompa\u00f1ada de un coraz\u00f3n es perfecta para darle un toque acogedor y c\u00e1lido a tu hogar. Su dise\u00f1o en forma de casita, acompa\u00f1ado de detalles r\u00fasticos, la convierte en un elemento ideal para cualquier espacio que busque transmitir confort y estilo.<\/p>\n","protected":false},"excerpt":{"rendered":"<p>Esta pieza decorativa de concreto con la frase &#8220;Home&#8221; acompa\u00f1ada de un coraz\u00f3n es perfecta para darle un toque acogedor y c\u00e1lido a tu hogar. Su dise\u00f1o en forma de casita, acompa\u00f1ado de detalles r\u00fasticos, la convierte en un elemento ideal para cualquier espacio que busque transmitir confort y estilo.<\/p>\n","protected":false},"featured_media":11791,"template":"","meta":{"_acf_changed":false},"product_brand":[],"product_cat":[30,108],"product_tag":[1451,222],"class_list":{"0":"post-6785","1":"product","2":"type-product","3":"status-publish","4":"has-post-thumbnail","6":"product_cat-decohogar","7":"product_cat-letras_concreto","8":"product_tag-home","9":"product_tag-concreto","11":"first","12":"instock","13":"shipping-taxable","14":"purchasable","15":"product-type-simple"},"acf":[],"_links":{"self":[{"href":"https:\/\/manna.pe\/en\/wp-json\/wp\/v2\/product\/6785"}],"collection":[{"href":"https:\/\/manna.pe\/en\/wp-json\/wp\/v2\/product"}],"about":[{"href":"https:\/\/manna.pe\/en\/wp-json\/wp\/v2\/types\/product"}],"wp:featuredmedia":[{"embeddable":true,"href":"https:\/\/manna.pe\/en\/wp-json\/wp\/v2\/media\/11791"}],"wp:attachment":[{"href":"https:\/\/manna.pe\/en\/wp-json\/wp\/v2\/media?parent=6785"}],"wp:term":[{"taxonomy":"product_brand","embeddable":true,"href":"https:\/\/manna.pe\/en\/wp-json\/wp\/v2\/product_brand?post=6785"},{"taxonomy":"product_cat","embeddable":true,"href":"https:\/\/manna.pe\/en\/wp-json\/wp\/v2\/product_cat?post=6785"},{"taxonomy":"product_tag","embeddable":true,"href":"https:\/\/manna.pe\/en\/wp-json\/wp\/v2\/product_tag?post=6785"}],"curies":[{"name":"wp","href":"https:\/\/api.w.org\/{rel}","templated":true}]}}