{"id":4997,"date":"2021-02-01T13:50:33","date_gmt":"2021-02-01T18:50:33","guid":{"rendered":"https:\/\/manna.pe\/?post_type=product&#038;p=4997"},"modified":"2024-10-29T19:54:36","modified_gmt":"2024-10-30T00:54:36","slug":"amor","status":"publish","type":"product","link":"https:\/\/manna.pe\/en\/producto\/amor\/","title":{"rendered":"Amor en Concreto"},"content":{"rendered":"<p><span data-sheets-value=\"{\" data-sheets-userformat=\"{\">Amor en min\u00fascula con planta y coraz\u00f3n, color celeste.<\/span><\/p>\n<p>Disponible tambi\u00e9n en color rosado.<\/p>\n<p><span data-sheets-value=\"{\" data-sheets-userformat=\"{\">Medida: Alto 4 cm<\/span><\/p>\n","protected":false},"excerpt":{"rendered":"<p>Amor en min\u00fascula con planta y coraz\u00f3n, color celeste. Disponible tambi\u00e9n en color rosado. Medida: Alto 4 cm<\/p>\n","protected":false},"featured_media":8368,"template":"","meta":{"_acf_changed":false},"product_brand":[],"product_cat":[2226,2230,30,108],"product_tag":[1133,286,221,222,257],"class_list":{"0":"post-4997","1":"product","2":"type-product","3":"status-publish","4":"has-post-thumbnail","6":"product_cat-celebraciones","7":"product_cat-amor","8":"product_cat-decohogar","9":"product_cat-letras_concreto","10":"product_tag-dia-de-los-enamorados","11":"product_tag-san-valentin","12":"product_tag-cemento","13":"product_tag-concreto","14":"product_tag-regalos","15":"pa_color-amarillo","16":"pa_color-morado","18":"first","19":"instock","20":"shipping-taxable","21":"purchasable","22":"product-type-variable"},"acf":[],"_links":{"self":[{"href":"https:\/\/manna.pe\/en\/wp-json\/wp\/v2\/product\/4997"}],"collection":[{"href":"https:\/\/manna.pe\/en\/wp-json\/wp\/v2\/product"}],"about":[{"href":"https:\/\/manna.pe\/en\/wp-json\/wp\/v2\/types\/product"}],"wp:featuredmedia":[{"embeddable":true,"href":"https:\/\/manna.pe\/en\/wp-json\/wp\/v2\/media\/8368"}],"wp:attachment":[{"href":"https:\/\/manna.pe\/en\/wp-json\/wp\/v2\/media?parent=4997"}],"wp:term":[{"taxonomy":"product_brand","embeddable":true,"href":"https:\/\/manna.pe\/en\/wp-json\/wp\/v2\/product_brand?post=4997"},{"taxonomy":"product_cat","embeddable":true,"href":"https:\/\/manna.pe\/en\/wp-json\/wp\/v2\/product_cat?post=4997"},{"taxonomy":"product_tag","embeddable":true,"href":"https:\/\/manna.pe\/en\/wp-json\/wp\/v2\/product_tag?post=4997"}],"curies":[{"name":"wp","href":"https:\/\/api.w.org\/{rel}","templated":true}]}}