{"id":1477,"date":"2020-01-14T18:30:48","date_gmt":"2020-01-14T23:30:48","guid":{"rendered":"https:\/\/manna.pe\/?post_type=product&#038;p=1477"},"modified":"2024-10-25T20:44:21","modified_gmt":"2024-10-26T01:44:21","slug":"bitacora-ejecutiva-globo-aerostatico","status":"publish","type":"product","link":"https:\/\/manna.pe\/en\/producto\/bitacora-ejecutiva-globo-aerostatico\/","title":{"rendered":"Bit\u00e1cora ejecutiva globo aerost\u00e1tico"},"content":{"rendered":"<p>Elaborada a mano.<br \/>\nLa portada est\u00e1 forrada con papel decorativo italiano y la contraportada con papel de encuadernaci\u00f3n.<br \/>\nMide 21 x 15 cms.<br \/>\nConsta de 200 hojas rayadas color marfil de 80 gr.<br \/>\nViene con el\u00e1stico para mantenerlo cerrado.<\/p>\n","protected":false},"excerpt":{"rendered":"<p>Elaborada a mano. La portada est\u00e1 forrada con papel decorativo italiano y la contraportada con papel de encuadernaci\u00f3n. Mide 21 x 15 cms. Consta de 200 hojas rayadas color marfil de 80 gr. Viene con el\u00e1stico para mantenerlo cerrado.<\/p>\n","protected":false},"featured_media":1479,"template":"","meta":{"_acf_changed":false},"product_brand":[],"product_cat":[34],"product_tag":[316,233,263],"class_list":{"0":"post-1477","1":"product","2":"type-product","3":"status-publish","4":"has-post-thumbnail","6":"product_cat-escritorio-y-oficina","7":"product_tag-globo","8":"product_tag-bitacora","9":"product_tag-escritorio","11":"first","12":"instock","13":"shipping-taxable","14":"purchasable","15":"product-type-simple"},"acf":[],"_links":{"self":[{"href":"https:\/\/manna.pe\/en\/wp-json\/wp\/v2\/product\/1477"}],"collection":[{"href":"https:\/\/manna.pe\/en\/wp-json\/wp\/v2\/product"}],"about":[{"href":"https:\/\/manna.pe\/en\/wp-json\/wp\/v2\/types\/product"}],"wp:featuredmedia":[{"embeddable":true,"href":"https:\/\/manna.pe\/en\/wp-json\/wp\/v2\/media\/1479"}],"wp:attachment":[{"href":"https:\/\/manna.pe\/en\/wp-json\/wp\/v2\/media?parent=1477"}],"wp:term":[{"taxonomy":"product_brand","embeddable":true,"href":"https:\/\/manna.pe\/en\/wp-json\/wp\/v2\/product_brand?post=1477"},{"taxonomy":"product_cat","embeddable":true,"href":"https:\/\/manna.pe\/en\/wp-json\/wp\/v2\/product_cat?post=1477"},{"taxonomy":"product_tag","embeddable":true,"href":"https:\/\/manna.pe\/en\/wp-json\/wp\/v2\/product_tag?post=1477"}],"curies":[{"name":"wp","href":"https:\/\/api.w.org\/{rel}","templated":true}]}}