{"id":1428,"date":"2019-12-11T23:39:28","date_gmt":"2019-12-12T04:39:28","guid":{"rendered":"https:\/\/manna.pe\/?post_type=product&#038;p=1428"},"modified":"2024-10-25T20:53:19","modified_gmt":"2024-10-26T01:53:19","slug":"tarjeta-partners-in-crime","status":"publish","type":"product","link":"https:\/\/manna.pe\/en\/producto\/tarjeta-partners-in-crime\/","title":{"rendered":"Tarjeta Partners in Crime"},"content":{"rendered":"<p>Tarjeta divertida con la frase \u00abPartners in Crime\u00bb y la ilustraci\u00f3n de dos personajes con m\u00e1scaras de criminales. Ideal para regalar a un amigo cercano o pareja con quien compartes una relaci\u00f3n especial llena de complicidad y aventuras. Perfecta para celebrar esa amistad \u00fanica y traviesa.<\/p>\n","protected":false},"excerpt":{"rendered":"<p>Tarjeta divertida con la frase \u00abPartners in Crime\u00bb y la ilustraci\u00f3n de dos personajes con m\u00e1scaras de criminales. Ideal para regalar a un amigo cercano o pareja con quien compartes una relaci\u00f3n especial llena de complicidad y aventuras. Perfecta para celebrar esa amistad \u00fanica y traviesa.<\/p>\n","protected":false},"featured_media":2452,"template":"","meta":{"_acf_changed":false},"product_brand":[],"product_cat":[2226,2230,81],"product_tag":[305,311,309,310,312,153],"class_list":{"0":"post-1428","1":"product","2":"type-product","3":"status-publish","4":"has-post-thumbnail","6":"product_cat-celebraciones","7":"product_cat-amor","8":"product_cat-tarjetas","9":"product_tag-amigas","10":"product_tag-amigos","11":"product_tag-bff","12":"product_tag-partners-in-crime","13":"product_tag-partners","14":"product_tag-tarjeta","16":"first","17":"instock","18":"shipping-taxable","19":"purchasable","20":"product-type-simple"},"acf":[],"_links":{"self":[{"href":"https:\/\/manna.pe\/en\/wp-json\/wp\/v2\/product\/1428"}],"collection":[{"href":"https:\/\/manna.pe\/en\/wp-json\/wp\/v2\/product"}],"about":[{"href":"https:\/\/manna.pe\/en\/wp-json\/wp\/v2\/types\/product"}],"wp:featuredmedia":[{"embeddable":true,"href":"https:\/\/manna.pe\/en\/wp-json\/wp\/v2\/media\/2452"}],"wp:attachment":[{"href":"https:\/\/manna.pe\/en\/wp-json\/wp\/v2\/media?parent=1428"}],"wp:term":[{"taxonomy":"product_brand","embeddable":true,"href":"https:\/\/manna.pe\/en\/wp-json\/wp\/v2\/product_brand?post=1428"},{"taxonomy":"product_cat","embeddable":true,"href":"https:\/\/manna.pe\/en\/wp-json\/wp\/v2\/product_cat?post=1428"},{"taxonomy":"product_tag","embeddable":true,"href":"https:\/\/manna.pe\/en\/wp-json\/wp\/v2\/product_tag?post=1428"}],"curies":[{"name":"wp","href":"https:\/\/api.w.org\/{rel}","templated":true}]}}