{"id":1419,"date":"2019-12-11T23:15:34","date_gmt":"2019-12-12T04:15:34","guid":{"rendered":"https:\/\/manna.pe\/?post_type=product&#038;p=1419"},"modified":"2024-10-25T20:53:19","modified_gmt":"2024-10-26T01:53:19","slug":"tarjeta-oso-me-encantas","status":"publish","type":"product","link":"https:\/\/manna.pe\/en\/producto\/tarjeta-oso-me-encantas\/","title":{"rendered":"Tarjeta Oso Me Encantas"},"content":{"rendered":"<p>Esta adorable tarjeta con la imagen de un oso cantando y la frase \u00abMe Encantas\u00bb es una manera perfecta de expresar tu simpat\u00eda o amor. El simp\u00e1tico oso sostiene un micr\u00f3fono mientras canta, rodeado de notas musicales. Ideal para ocasiones especiales o simplemente para alegrar el d\u00eda de alguien querido.<\/p>\n","protected":false},"excerpt":{"rendered":"<p>Esta adorable tarjeta con la imagen de un oso cantando y la frase \u00abMe Encantas\u00bb es una manera perfecta de expresar tu simpat\u00eda o amor. El simp\u00e1tico oso sostiene un micr\u00f3fono mientras canta, rodeado de notas musicales. Ideal para ocasiones especiales o simplemente para alegrar el d\u00eda de alguien querido.<\/p>\n","protected":false},"featured_media":12243,"template":"","meta":{"_acf_changed":false},"product_brand":[],"product_cat":[2226,2230,81],"product_tag":[300,299,286,161,157,218,153],"class_list":{"0":"post-1419","1":"product","2":"type-product","3":"status-publish","4":"has-post-thumbnail","6":"product_cat-celebraciones","7":"product_cat-amor","8":"product_cat-tarjetas","9":"product_tag-me-encantas","10":"product_tag-oso","11":"product_tag-san-valentin","12":"product_tag-amor","13":"product_tag-aniversario","14":"product_tag-love","15":"product_tag-tarjeta","17":"first","18":"instock","19":"shipping-taxable","20":"purchasable","21":"product-type-simple"},"acf":[],"_links":{"self":[{"href":"https:\/\/manna.pe\/en\/wp-json\/wp\/v2\/product\/1419"}],"collection":[{"href":"https:\/\/manna.pe\/en\/wp-json\/wp\/v2\/product"}],"about":[{"href":"https:\/\/manna.pe\/en\/wp-json\/wp\/v2\/types\/product"}],"wp:featuredmedia":[{"embeddable":true,"href":"https:\/\/manna.pe\/en\/wp-json\/wp\/v2\/media\/12243"}],"wp:attachment":[{"href":"https:\/\/manna.pe\/en\/wp-json\/wp\/v2\/media?parent=1419"}],"wp:term":[{"taxonomy":"product_brand","embeddable":true,"href":"https:\/\/manna.pe\/en\/wp-json\/wp\/v2\/product_brand?post=1419"},{"taxonomy":"product_cat","embeddable":true,"href":"https:\/\/manna.pe\/en\/wp-json\/wp\/v2\/product_cat?post=1419"},{"taxonomy":"product_tag","embeddable":true,"href":"https:\/\/manna.pe\/en\/wp-json\/wp\/v2\/product_tag?post=1419"}],"curies":[{"name":"wp","href":"https:\/\/api.w.org\/{rel}","templated":true}]}}