{"id":13212,"date":"2025-02-01T12:41:14","date_gmt":"2025-02-01T17:41:14","guid":{"rendered":"https:\/\/manna.pe\/?post_type=product&#038;p=13212"},"modified":"2025-02-01T12:43:00","modified_gmt":"2025-02-01T17:43:00","slug":"pack-queremos-montones","status":"publish","type":"product","link":"https:\/\/manna.pe\/en\/producto\/pack-queremos-montones\/","title":{"rendered":"Pack Queremos Montones"},"content":{"rendered":"<p>Un detalle especial para compartir momentos inolvidables con esa persona que amas. Este pack est\u00e1 lleno de dulzura, ternura y peque\u00f1as sorpresas que har\u00e1n cada d\u00eda m\u00e1s especial.<\/p>\n<hr \/>\n<p>Caracter\u00edsticas:<\/p>\n<ul>\n<li>Frasco &#8220;Dosis de Amor&#8221; con deliciosas gomitas dulces. \ud83c\udf6c<\/li>\n<li>Chocolate Bakau 65% cacao con caf\u00e9, un bocado irresistible. \ud83c\udf6b<\/li>\n<li>20 vales para querernos montones, perfecto para canjear momentos inolvidables. \ud83d\udcd6<\/li>\n<li>Mini ramo de flores preservadas, porque los detalles cuentan. \ud83c\udf38<\/li>\n<\/ul>\n<p>&nbsp;<\/p>\n<p>Ideal para regalar en aniversarios, San Valent\u00edn o simplemente para sorprender sin raz\u00f3n. \u00a1Expresa tu amor con este hermoso pack! \ud83d\udc96\u2728<\/p>\n","protected":false},"excerpt":{"rendered":"<p>Un detalle especial para compartir momentos inolvidables con esa persona que amas. Este pack est\u00e1 lleno de dulzura, ternura y peque\u00f1as sorpresas que har\u00e1n cada d\u00eda m\u00e1s especial. Caracter\u00edsticas: Frasco &#8220;Dosis de Amor&#8221; con deliciosas gomitas dulces. \ud83c\udf6c Chocolate Bakau 65% cacao con caf\u00e9, un bocado irresistible. \ud83c\udf6b 20 vales para querernos montones, perfecto para [&hellip;]<\/p>\n","protected":false},"featured_media":13189,"template":"","meta":{"_acf_changed":false},"product_brand":[],"product_cat":[2226,2230,648],"product_tag":[],"class_list":{"0":"post-13212","1":"product","2":"type-product","3":"status-publish","4":"has-post-thumbnail","6":"product_cat-celebraciones","7":"product_cat-amor","8":"product_cat-regalos","10":"first","11":"instock","12":"shipping-taxable","13":"purchasable","14":"product-type-simple"},"acf":[],"_links":{"self":[{"href":"https:\/\/manna.pe\/en\/wp-json\/wp\/v2\/product\/13212"}],"collection":[{"href":"https:\/\/manna.pe\/en\/wp-json\/wp\/v2\/product"}],"about":[{"href":"https:\/\/manna.pe\/en\/wp-json\/wp\/v2\/types\/product"}],"wp:featuredmedia":[{"embeddable":true,"href":"https:\/\/manna.pe\/en\/wp-json\/wp\/v2\/media\/13189"}],"wp:attachment":[{"href":"https:\/\/manna.pe\/en\/wp-json\/wp\/v2\/media?parent=13212"}],"wp:term":[{"taxonomy":"product_brand","embeddable":true,"href":"https:\/\/manna.pe\/en\/wp-json\/wp\/v2\/product_brand?post=13212"},{"taxonomy":"product_cat","embeddable":true,"href":"https:\/\/manna.pe\/en\/wp-json\/wp\/v2\/product_cat?post=13212"},{"taxonomy":"product_tag","embeddable":true,"href":"https:\/\/manna.pe\/en\/wp-json\/wp\/v2\/product_tag?post=13212"}],"curies":[{"name":"wp","href":"https:\/\/api.w.org\/{rel}","templated":true}]}}