{"id":13083,"date":"2025-01-20T18:37:13","date_gmt":"2025-01-20T23:37:13","guid":{"rendered":"https:\/\/manna.pe\/?post_type=product&#038;p=13083"},"modified":"2025-01-22T11:03:14","modified_gmt":"2025-01-22T16:03:14","slug":"aromatizador-textil-refresca-suenos-hierba-luisa-y-menta","status":"publish","type":"product","link":"https:\/\/manna.pe\/en\/producto\/aromatizador-textil-refresca-suenos-hierba-luisa-y-menta\/","title":{"rendered":"Spray Refresca Sue\u00f1os \u2013 Hierba Luisa y Menta"},"content":{"rendered":"<p>Descansa mejor con el poder relajante y refrescante de la <strong>hierba luisa y la menta<\/strong>. Este <strong>refresca sue\u00f1os<\/strong>\u00a0refresca tus telas y crea un ambiente de calma ideal para preparar tu mente y cuerpo para dormir.<\/p>\n<hr \/>\n<p>\ud83c\udf0a <strong>Caracter\u00edsticas:<\/strong><\/p>\n<ul>\n<li><strong>Aroma herbal y revitalizante<\/strong> que favorece la relajaci\u00f3n.<\/li>\n<li><strong>Refresca y perfuma<\/strong> s\u00e1banas, almohadas y espacios de descanso.<\/li>\n<li><strong>Incluye un cuarzo<\/strong> para potenciar la armon\u00eda y el bienestar.<\/li>\n<li><strong>F\u00f3rmula 100% natural, libre de qu\u00edmicos agresivos.<\/strong><\/li>\n<\/ul>\n<p>\u2728 <strong>Perfecto para quienes buscan despejar la mente y disfrutar de un descanso profundo.<\/strong><\/p>\n<hr \/>\n<p>\ud83d\uded2 <strong>\u00a1Agr\u00e9galo al carrito y rel\u00e1jate con cada roc\u00edo!<\/strong><\/p>\n","protected":false},"excerpt":{"rendered":"<p>Descansa mejor con el poder relajante y refrescante de la hierba luisa y la menta. Este refresca sue\u00f1os\u00a0refresca tus telas y crea un ambiente de calma ideal para preparar tu mente y cuerpo para dormir. \ud83c\udf0a Caracter\u00edsticas: Aroma herbal y revitalizante que favorece la relajaci\u00f3n. Refresca y perfuma s\u00e1banas, almohadas y espacios de descanso. Incluye [&hellip;]<\/p>\n","protected":false},"featured_media":13079,"template":"","meta":{"_acf_changed":false},"product_brand":[],"product_cat":[474,480],"product_tag":[],"class_list":{"0":"post-13083","1":"product","2":"type-product","3":"status-publish","4":"has-post-thumbnail","6":"product_cat-belleza-y-bienestar","7":"product_cat-cuidado-personal","9":"first","10":"instock","11":"shipping-taxable","12":"purchasable","13":"product-type-simple"},"acf":[],"_links":{"self":[{"href":"https:\/\/manna.pe\/en\/wp-json\/wp\/v2\/product\/13083"}],"collection":[{"href":"https:\/\/manna.pe\/en\/wp-json\/wp\/v2\/product"}],"about":[{"href":"https:\/\/manna.pe\/en\/wp-json\/wp\/v2\/types\/product"}],"wp:featuredmedia":[{"embeddable":true,"href":"https:\/\/manna.pe\/en\/wp-json\/wp\/v2\/media\/13079"}],"wp:attachment":[{"href":"https:\/\/manna.pe\/en\/wp-json\/wp\/v2\/media?parent=13083"}],"wp:term":[{"taxonomy":"product_brand","embeddable":true,"href":"https:\/\/manna.pe\/en\/wp-json\/wp\/v2\/product_brand?post=13083"},{"taxonomy":"product_cat","embeddable":true,"href":"https:\/\/manna.pe\/en\/wp-json\/wp\/v2\/product_cat?post=13083"},{"taxonomy":"product_tag","embeddable":true,"href":"https:\/\/manna.pe\/en\/wp-json\/wp\/v2\/product_tag?post=13083"}],"curies":[{"name":"wp","href":"https:\/\/api.w.org\/{rel}","templated":true}]}}