{"id":13072,"date":"2025-01-20T18:08:43","date_gmt":"2025-01-20T23:08:43","guid":{"rendered":"https:\/\/manna.pe\/?post_type=product&#038;p=13072"},"modified":"2025-01-22T11:03:45","modified_gmt":"2025-01-22T16:03:45","slug":"aromatizador-textil-calma-relaja-y-purifica-tu-espacio","status":"publish","type":"product","link":"https:\/\/manna.pe\/en\/producto\/aromatizador-textil-calma-relaja-y-purifica-tu-espacio\/","title":{"rendered":"Aromatizador Textil Calma \u2013 Relaja y Purifica Tu Espacio"},"content":{"rendered":"<p>Encuentra serenidad en cada roc\u00edo con el <strong>Aromatizador Textil &#8220;Calma&#8221;<\/strong>. Su mezcla de <strong>jazm\u00edn, manzanilla, azahares, lemongrass, lim\u00f3n y bergamota<\/strong> te envuelve en una sensaci\u00f3n de paz y bienestar.<\/p>\n<hr \/>\n<p>\ud83c\udf43 <strong>Caracter\u00edsticas:<\/strong><\/p>\n<ul>\n<li><strong>Refresca y perfuma<\/strong> ropa de cama, cortinas y espacios de descanso.<\/li>\n<li><strong>Aromaterapia relajante<\/strong> para reducir el estr\u00e9s y promover la calma.<\/li>\n<li><strong>Incluye un cuarzo<\/strong> para amplificar la sensaci\u00f3n de tranquilidad.<\/li>\n<li><strong>C\u00f3digo QR con mantra especial<\/strong> para acompa\u00f1ar tus momentos de paz.<\/li>\n<\/ul>\n<p>\u2728 <strong>Ideal para quienes buscan un ambiente sereno y relajante.<\/strong><\/p>\n<hr \/>\n<p>\ud83d\uded2 <strong>\u00a1Agr\u00e9galo al carrito y deja que la calma inunde tu hogar!<\/strong><\/p>\n","protected":false},"excerpt":{"rendered":"<p>Encuentra serenidad en cada roc\u00edo con el Aromatizador Textil &#8220;Calma&#8221;. Su mezcla de jazm\u00edn, manzanilla, azahares, lemongrass, lim\u00f3n y bergamota te envuelve en una sensaci\u00f3n de paz y bienestar. \ud83c\udf43 Caracter\u00edsticas: Refresca y perfuma ropa de cama, cortinas y espacios de descanso. Aromaterapia relajante para reducir el estr\u00e9s y promover la calma. Incluye un cuarzo [&hellip;]<\/p>\n","protected":false},"featured_media":13070,"template":"","meta":{"_acf_changed":false},"product_brand":[],"product_cat":[474,480],"product_tag":[],"class_list":{"0":"post-13072","1":"product","2":"type-product","3":"status-publish","4":"has-post-thumbnail","6":"product_cat-belleza-y-bienestar","7":"product_cat-cuidado-personal","9":"first","10":"instock","11":"shipping-taxable","12":"purchasable","13":"product-type-simple"},"acf":[],"_links":{"self":[{"href":"https:\/\/manna.pe\/en\/wp-json\/wp\/v2\/product\/13072"}],"collection":[{"href":"https:\/\/manna.pe\/en\/wp-json\/wp\/v2\/product"}],"about":[{"href":"https:\/\/manna.pe\/en\/wp-json\/wp\/v2\/types\/product"}],"wp:featuredmedia":[{"embeddable":true,"href":"https:\/\/manna.pe\/en\/wp-json\/wp\/v2\/media\/13070"}],"wp:attachment":[{"href":"https:\/\/manna.pe\/en\/wp-json\/wp\/v2\/media?parent=13072"}],"wp:term":[{"taxonomy":"product_brand","embeddable":true,"href":"https:\/\/manna.pe\/en\/wp-json\/wp\/v2\/product_brand?post=13072"},{"taxonomy":"product_cat","embeddable":true,"href":"https:\/\/manna.pe\/en\/wp-json\/wp\/v2\/product_cat?post=13072"},{"taxonomy":"product_tag","embeddable":true,"href":"https:\/\/manna.pe\/en\/wp-json\/wp\/v2\/product_tag?post=13072"}],"curies":[{"name":"wp","href":"https:\/\/api.w.org\/{rel}","templated":true}]}}