{"id":12826,"date":"2024-10-25T10:17:01","date_gmt":"2024-10-25T15:17:01","guid":{"rendered":"https:\/\/manna.pe\/?post_type=product&#038;p=12826"},"modified":"2024-10-25T20:54:42","modified_gmt":"2024-10-26T01:54:42","slug":"vela-mandala-rojo-intenso","status":"publish","type":"product","link":"https:\/\/manna.pe\/en\/producto\/vela-mandala-rojo-intenso\/","title":{"rendered":"Vela Mandala Rojo Intenso"},"content":{"rendered":"<p>Vela en lata met\u00e1lica con dise\u00f1o de mandala rojo y dorado. Su fragancia dulce y floral a Rosas est\u00e1 pensada para generar un ambiente de armon\u00eda y bienestar. Perfecta para usar en el hogar despu\u00e9s de un largo d\u00eda para relajarse y revitalizar los sentidos.<\/p>\n","protected":false},"excerpt":{"rendered":"<p>Vela en lata met\u00e1lica con dise\u00f1o de mandala rojo y dorado. Su fragancia dulce y floral a Rosas est\u00e1 pensada para generar un ambiente de armon\u00eda y bienestar. Perfecta para usar en el hogar despu\u00e9s de un largo d\u00eda para relajarse y revitalizar los sentidos.<\/p>\n","protected":false},"featured_media":12740,"template":"","meta":{"_acf_changed":false},"product_brand":[],"product_cat":[30,1432],"product_tag":[],"class_list":{"0":"post-12826","1":"product","2":"type-product","3":"status-publish","4":"has-post-thumbnail","6":"product_cat-decohogar","7":"product_cat-velas","9":"first","10":"instock","11":"shipping-taxable","12":"purchasable","13":"product-type-simple"},"acf":[],"_links":{"self":[{"href":"https:\/\/manna.pe\/en\/wp-json\/wp\/v2\/product\/12826"}],"collection":[{"href":"https:\/\/manna.pe\/en\/wp-json\/wp\/v2\/product"}],"about":[{"href":"https:\/\/manna.pe\/en\/wp-json\/wp\/v2\/types\/product"}],"wp:featuredmedia":[{"embeddable":true,"href":"https:\/\/manna.pe\/en\/wp-json\/wp\/v2\/media\/12740"}],"wp:attachment":[{"href":"https:\/\/manna.pe\/en\/wp-json\/wp\/v2\/media?parent=12826"}],"wp:term":[{"taxonomy":"product_brand","embeddable":true,"href":"https:\/\/manna.pe\/en\/wp-json\/wp\/v2\/product_brand?post=12826"},{"taxonomy":"product_cat","embeddable":true,"href":"https:\/\/manna.pe\/en\/wp-json\/wp\/v2\/product_cat?post=12826"},{"taxonomy":"product_tag","embeddable":true,"href":"https:\/\/manna.pe\/en\/wp-json\/wp\/v2\/product_tag?post=12826"}],"curies":[{"name":"wp","href":"https:\/\/api.w.org\/{rel}","templated":true}]}}