{"id":12825,"date":"2024-10-25T10:05:25","date_gmt":"2024-10-25T15:05:25","guid":{"rendered":"https:\/\/manna.pe\/?post_type=product&#038;p=12825"},"modified":"2024-10-25T20:54:41","modified_gmt":"2024-10-26T01:54:41","slug":"vela-mandala-amarilla","status":"publish","type":"product","link":"https:\/\/manna.pe\/en\/producto\/vela-mandala-amarilla\/","title":{"rendered":"Vela Mandala Amarilla"},"content":{"rendered":"<p>Una vela arom\u00e1tica de lavanda en lata met\u00e1lica con un vibrante dise\u00f1o de mandala amarillo, ideal para iluminar y perfumar tu espacio con un ambiente alegre y acogedor. El aroma de esta vela est\u00e1 dise\u00f1ado para llenar de energ\u00eda y calidez cualquier rinc\u00f3n de tu hogar.<\/p>\n","protected":false},"excerpt":{"rendered":"<p>Una vela arom\u00e1tica de lavanda en lata met\u00e1lica con un vibrante dise\u00f1o de mandala amarillo, ideal para iluminar y perfumar tu espacio con un ambiente alegre y acogedor. El aroma de esta vela est\u00e1 dise\u00f1ado para llenar de energ\u00eda y calidez cualquier rinc\u00f3n de tu hogar.<\/p>\n","protected":false},"featured_media":12732,"template":"","meta":{"_acf_changed":false},"product_brand":[],"product_cat":[30,1432],"product_tag":[],"class_list":{"0":"post-12825","1":"product","2":"type-product","3":"status-publish","4":"has-post-thumbnail","6":"product_cat-decohogar","7":"product_cat-velas","9":"first","10":"instock","11":"shipping-taxable","12":"purchasable","13":"product-type-simple"},"acf":[],"_links":{"self":[{"href":"https:\/\/manna.pe\/en\/wp-json\/wp\/v2\/product\/12825"}],"collection":[{"href":"https:\/\/manna.pe\/en\/wp-json\/wp\/v2\/product"}],"about":[{"href":"https:\/\/manna.pe\/en\/wp-json\/wp\/v2\/types\/product"}],"wp:featuredmedia":[{"embeddable":true,"href":"https:\/\/manna.pe\/en\/wp-json\/wp\/v2\/media\/12732"}],"wp:attachment":[{"href":"https:\/\/manna.pe\/en\/wp-json\/wp\/v2\/media?parent=12825"}],"wp:term":[{"taxonomy":"product_brand","embeddable":true,"href":"https:\/\/manna.pe\/en\/wp-json\/wp\/v2\/product_brand?post=12825"},{"taxonomy":"product_cat","embeddable":true,"href":"https:\/\/manna.pe\/en\/wp-json\/wp\/v2\/product_cat?post=12825"},{"taxonomy":"product_tag","embeddable":true,"href":"https:\/\/manna.pe\/en\/wp-json\/wp\/v2\/product_tag?post=12825"}],"curies":[{"name":"wp","href":"https:\/\/api.w.org\/{rel}","templated":true}]}}