{"id":12823,"date":"2024-10-25T09:54:01","date_gmt":"2024-10-25T14:54:01","guid":{"rendered":"https:\/\/manna.pe\/?post_type=product&#038;p=12823"},"modified":"2024-10-25T20:54:41","modified_gmt":"2024-10-26T01:54:41","slug":"vela-menta-en-envase-mandala","status":"publish","type":"product","link":"https:\/\/manna.pe\/en\/producto\/vela-menta-en-envase-mandala\/","title":{"rendered":"Vela Mandala Roja"},"content":{"rendered":"<p>Esta vela viene en una lata decorada con un mandala en vibrantes tonos rojos y dorados. Su aroma c\u00e1lido y especiado de Menta llena el espacio de energ\u00eda positiva. Ideal para encender en momentos de celebraci\u00f3n o para aportar calidez a cualquier rinc\u00f3n del hogar.<\/p>\n","protected":false},"excerpt":{"rendered":"<p>Esta vela viene en una lata decorada con un mandala en vibrantes tonos rojos y dorados. Su aroma c\u00e1lido y especiado de Menta llena el espacio de energ\u00eda positiva. Ideal para encender en momentos de celebraci\u00f3n o para aportar calidez a cualquier rinc\u00f3n del hogar.<\/p>\n","protected":false},"featured_media":12733,"template":"","meta":{"_acf_changed":false},"product_brand":[],"product_cat":[30,1432],"product_tag":[],"class_list":{"0":"post-12823","1":"product","2":"type-product","3":"status-publish","4":"has-post-thumbnail","6":"product_cat-decohogar","7":"product_cat-velas","9":"first","10":"instock","11":"shipping-taxable","12":"purchasable","13":"product-type-simple"},"acf":[],"_links":{"self":[{"href":"https:\/\/manna.pe\/en\/wp-json\/wp\/v2\/product\/12823"}],"collection":[{"href":"https:\/\/manna.pe\/en\/wp-json\/wp\/v2\/product"}],"about":[{"href":"https:\/\/manna.pe\/en\/wp-json\/wp\/v2\/types\/product"}],"wp:featuredmedia":[{"embeddable":true,"href":"https:\/\/manna.pe\/en\/wp-json\/wp\/v2\/media\/12733"}],"wp:attachment":[{"href":"https:\/\/manna.pe\/en\/wp-json\/wp\/v2\/media?parent=12823"}],"wp:term":[{"taxonomy":"product_brand","embeddable":true,"href":"https:\/\/manna.pe\/en\/wp-json\/wp\/v2\/product_brand?post=12823"},{"taxonomy":"product_cat","embeddable":true,"href":"https:\/\/manna.pe\/en\/wp-json\/wp\/v2\/product_cat?post=12823"},{"taxonomy":"product_tag","embeddable":true,"href":"https:\/\/manna.pe\/en\/wp-json\/wp\/v2\/product_tag?post=12823"}],"curies":[{"name":"wp","href":"https:\/\/api.w.org\/{rel}","templated":true}]}}