{"id":12804,"date":"2024-10-24T23:16:54","date_gmt":"2024-10-25T04:16:54","guid":{"rendered":"https:\/\/manna.pe\/?post_type=product&#038;p=12804"},"modified":"2025-01-20T13:12:06","modified_gmt":"2025-01-20T18:12:06","slug":"earcuff-esfera-minimalista","status":"publish","type":"product","link":"https:\/\/manna.pe\/en\/producto\/earcuff-esfera-minimalista\/","title":{"rendered":"Earcuff Esfera Minimalista"},"content":{"rendered":"<p>Un earcuff delicado con esferas doradas que aportan un toque de sencillez y elegancia. Su dise\u00f1o \u00fanico lo convierte en el accesorio perfecto para a\u00f1adir estilo a un look diario.<\/p>\n","protected":false},"excerpt":{"rendered":"<p>Un earcuff delicado con esferas doradas que aportan un toque de sencillez y elegancia. Su dise\u00f1o \u00fanico lo convierte en el accesorio perfecto para a\u00f1adir estilo a un look diario.<\/p>\n","protected":false},"featured_media":12583,"template":"","meta":{"_acf_changed":false},"product_brand":[],"product_cat":[1232,1233,113],"product_tag":[],"class_list":{"0":"post-12804","1":"product","2":"type-product","3":"status-publish","4":"has-post-thumbnail","6":"product_cat-moda","7":"product_cat-mujer","8":"product_cat-aretes","10":"first","11":"instock","12":"shipping-taxable","13":"purchasable","14":"product-type-simple"},"acf":[],"_links":{"self":[{"href":"https:\/\/manna.pe\/en\/wp-json\/wp\/v2\/product\/12804"}],"collection":[{"href":"https:\/\/manna.pe\/en\/wp-json\/wp\/v2\/product"}],"about":[{"href":"https:\/\/manna.pe\/en\/wp-json\/wp\/v2\/types\/product"}],"wp:featuredmedia":[{"embeddable":true,"href":"https:\/\/manna.pe\/en\/wp-json\/wp\/v2\/media\/12583"}],"wp:attachment":[{"href":"https:\/\/manna.pe\/en\/wp-json\/wp\/v2\/media?parent=12804"}],"wp:term":[{"taxonomy":"product_brand","embeddable":true,"href":"https:\/\/manna.pe\/en\/wp-json\/wp\/v2\/product_brand?post=12804"},{"taxonomy":"product_cat","embeddable":true,"href":"https:\/\/manna.pe\/en\/wp-json\/wp\/v2\/product_cat?post=12804"},{"taxonomy":"product_tag","embeddable":true,"href":"https:\/\/manna.pe\/en\/wp-json\/wp\/v2\/product_tag?post=12804"}],"curies":[{"name":"wp","href":"https:\/\/api.w.org\/{rel}","templated":true}]}}