{"id":12783,"date":"2024-10-24T22:19:39","date_gmt":"2024-10-25T03:19:39","guid":{"rendered":"https:\/\/manna.pe\/?post_type=product&#038;p=12783"},"modified":"2025-01-20T13:17:29","modified_gmt":"2025-01-20T18:17:29","slug":"pulsera-miyuki-quintuples-azules","status":"publish","type":"product","link":"https:\/\/manna.pe\/en\/producto\/pulsera-miyuki-quintuples-azules\/","title":{"rendered":"Pulsera Miyuki Quint\u00faples Azules"},"content":{"rendered":"<p>Pulsera hecha a mano con un dise\u00f1o elegante y delicado en tonos azul y blanco. Perfecta para complementar tu look con un toque sofisticado y moderno. Ideal para cualquier ocasi\u00f3n especial o para el d\u00eda a d\u00eda.<\/p>\n","protected":false},"excerpt":{"rendered":"<p>Pulsera hecha a mano con un dise\u00f1o elegante y delicado en tonos azul y blanco. Perfecta para complementar tu look con un toque sofisticado y moderno. Ideal para cualquier ocasi\u00f3n especial o para el d\u00eda a d\u00eda.<\/p>\n","protected":false},"featured_media":12566,"template":"","meta":{"_acf_changed":false},"product_brand":[],"product_cat":[1232,1233,116],"product_tag":[],"class_list":{"0":"post-12783","1":"product","2":"type-product","3":"status-publish","4":"has-post-thumbnail","6":"product_cat-moda","7":"product_cat-mujer","8":"product_cat-pulseras","10":"first","11":"instock","12":"shipping-taxable","13":"purchasable","14":"product-type-simple"},"acf":[],"_links":{"self":[{"href":"https:\/\/manna.pe\/en\/wp-json\/wp\/v2\/product\/12783"}],"collection":[{"href":"https:\/\/manna.pe\/en\/wp-json\/wp\/v2\/product"}],"about":[{"href":"https:\/\/manna.pe\/en\/wp-json\/wp\/v2\/types\/product"}],"wp:featuredmedia":[{"embeddable":true,"href":"https:\/\/manna.pe\/en\/wp-json\/wp\/v2\/media\/12566"}],"wp:attachment":[{"href":"https:\/\/manna.pe\/en\/wp-json\/wp\/v2\/media?parent=12783"}],"wp:term":[{"taxonomy":"product_brand","embeddable":true,"href":"https:\/\/manna.pe\/en\/wp-json\/wp\/v2\/product_brand?post=12783"},{"taxonomy":"product_cat","embeddable":true,"href":"https:\/\/manna.pe\/en\/wp-json\/wp\/v2\/product_cat?post=12783"},{"taxonomy":"product_tag","embeddable":true,"href":"https:\/\/manna.pe\/en\/wp-json\/wp\/v2\/product_tag?post=12783"}],"curies":[{"name":"wp","href":"https:\/\/api.w.org\/{rel}","templated":true}]}}