{"id":12721,"date":"2024-10-24T20:17:05","date_gmt":"2024-10-25T01:17:05","guid":{"rendered":"https:\/\/manna.pe\/?post_type=product&#038;p=12721"},"modified":"2025-01-20T13:32:19","modified_gmt":"2025-01-20T18:32:19","slug":"pulsera-miyuki-7-filas-azules","status":"publish","type":"product","link":"https:\/\/manna.pe\/en\/producto\/pulsera-miyuki-7-filas-azules\/","title":{"rendered":"Pulsera Miyuki 7 Filas Azules"},"content":{"rendered":"<p>Esta pulsera combina elegancia y simplicidad en su dise\u00f1o, con cuentas en blanco, azul y detalles dorados. Un accesorio vers\u00e1til que aporta un toque de distinci\u00f3n a cualquier conjunto.<\/p>\n","protected":false},"excerpt":{"rendered":"<p>Esta pulsera combina elegancia y simplicidad en su dise\u00f1o, con cuentas en blanco, azul y detalles dorados. Un accesorio vers\u00e1til que aporta un toque de distinci\u00f3n a cualquier conjunto.<\/p>\n","protected":false},"featured_media":12552,"template":"","meta":{"_acf_changed":false},"product_brand":[],"product_cat":[1232,1233,116],"product_tag":[],"class_list":{"0":"post-12721","1":"product","2":"type-product","3":"status-publish","4":"has-post-thumbnail","6":"product_cat-moda","7":"product_cat-mujer","8":"product_cat-pulseras","10":"first","11":"instock","12":"shipping-taxable","13":"purchasable","14":"product-type-simple"},"acf":[],"_links":{"self":[{"href":"https:\/\/manna.pe\/en\/wp-json\/wp\/v2\/product\/12721"}],"collection":[{"href":"https:\/\/manna.pe\/en\/wp-json\/wp\/v2\/product"}],"about":[{"href":"https:\/\/manna.pe\/en\/wp-json\/wp\/v2\/types\/product"}],"wp:featuredmedia":[{"embeddable":true,"href":"https:\/\/manna.pe\/en\/wp-json\/wp\/v2\/media\/12552"}],"wp:attachment":[{"href":"https:\/\/manna.pe\/en\/wp-json\/wp\/v2\/media?parent=12721"}],"wp:term":[{"taxonomy":"product_brand","embeddable":true,"href":"https:\/\/manna.pe\/en\/wp-json\/wp\/v2\/product_brand?post=12721"},{"taxonomy":"product_cat","embeddable":true,"href":"https:\/\/manna.pe\/en\/wp-json\/wp\/v2\/product_cat?post=12721"},{"taxonomy":"product_tag","embeddable":true,"href":"https:\/\/manna.pe\/en\/wp-json\/wp\/v2\/product_tag?post=12721"}],"curies":[{"name":"wp","href":"https:\/\/api.w.org\/{rel}","templated":true}]}}