{"id":12715,"date":"2024-10-24T19:32:05","date_gmt":"2024-10-25T00:32:05","guid":{"rendered":"https:\/\/manna.pe\/?post_type=product&#038;p=12715"},"modified":"2025-01-20T13:35:10","modified_gmt":"2025-01-20T18:35:10","slug":"pulsera-miyuki-corazon-turquesa","status":"publish","type":"product","link":"https:\/\/manna.pe\/en\/producto\/pulsera-miyuki-corazon-turquesa\/","title":{"rendered":"Pulsera Miyuki Coraz\u00f3n Turquesa"},"content":{"rendered":"<p>Esta pulsera presenta un coraz\u00f3n en tono turquesa vibrante, tejida a mano con cuentas de cristal y cord\u00f3n ajustable. Ideal para destacar en cualquier ocasi\u00f3n.<\/p>\n","protected":false},"excerpt":{"rendered":"<p>Esta pulsera presenta un coraz\u00f3n en tono turquesa vibrante, tejida a mano con cuentas de cristal y cord\u00f3n ajustable. Ideal para destacar en cualquier ocasi\u00f3n.<\/p>\n","protected":false},"featured_media":12546,"template":"","meta":{"_acf_changed":false},"product_brand":[],"product_cat":[1232,1233,116],"product_tag":[],"class_list":{"0":"post-12715","1":"product","2":"type-product","3":"status-publish","4":"has-post-thumbnail","6":"product_cat-moda","7":"product_cat-mujer","8":"product_cat-pulseras","10":"first","11":"instock","12":"shipping-taxable","13":"purchasable","14":"product-type-simple"},"acf":[],"_links":{"self":[{"href":"https:\/\/manna.pe\/en\/wp-json\/wp\/v2\/product\/12715"}],"collection":[{"href":"https:\/\/manna.pe\/en\/wp-json\/wp\/v2\/product"}],"about":[{"href":"https:\/\/manna.pe\/en\/wp-json\/wp\/v2\/types\/product"}],"wp:featuredmedia":[{"embeddable":true,"href":"https:\/\/manna.pe\/en\/wp-json\/wp\/v2\/media\/12546"}],"wp:attachment":[{"href":"https:\/\/manna.pe\/en\/wp-json\/wp\/v2\/media?parent=12715"}],"wp:term":[{"taxonomy":"product_brand","embeddable":true,"href":"https:\/\/manna.pe\/en\/wp-json\/wp\/v2\/product_brand?post=12715"},{"taxonomy":"product_cat","embeddable":true,"href":"https:\/\/manna.pe\/en\/wp-json\/wp\/v2\/product_cat?post=12715"},{"taxonomy":"product_tag","embeddable":true,"href":"https:\/\/manna.pe\/en\/wp-json\/wp\/v2\/product_tag?post=12715"}],"curies":[{"name":"wp","href":"https:\/\/api.w.org\/{rel}","templated":true}]}}