{"id":12684,"date":"2024-10-22T13:37:02","date_gmt":"2024-10-22T18:37:02","guid":{"rendered":"https:\/\/manna.pe\/?post_type=product&#038;p=12684"},"modified":"2024-10-25T20:54:41","modified_gmt":"2024-10-26T01:54:41","slug":"vela-de-soya-aura-vainilla","status":"publish","type":"product","link":"https:\/\/manna.pe\/en\/producto\/vela-de-soya-aura-vainilla\/","title":{"rendered":"Vela de Soya Aura Vainilla"},"content":{"rendered":"<p>Disfruta del dulce aroma de vainilla con esta vela de soya Aura. Su fragancia c\u00e1lida crea un ambiente acogedor, ideal para momentos de relajaci\u00f3n. El dise\u00f1o con un lobo estrellado le aporta un toque m\u00e1gico y distintivo a cualquier rinc\u00f3n.<\/p>\n","protected":false},"excerpt":{"rendered":"<p>Disfruta del dulce aroma de vainilla con esta vela de soya Aura. Su fragancia c\u00e1lida crea un ambiente acogedor, ideal para momentos de relajaci\u00f3n. El dise\u00f1o con un lobo estrellado le aporta un toque m\u00e1gico y distintivo a cualquier rinc\u00f3n.<\/p>\n","protected":false},"featured_media":12667,"template":"","meta":{"_acf_changed":false},"product_brand":[],"product_cat":[30,1432],"product_tag":[],"class_list":{"0":"post-12684","1":"product","2":"type-product","3":"status-publish","4":"has-post-thumbnail","6":"product_cat-decohogar","7":"product_cat-velas","9":"first","10":"instock","11":"shipping-taxable","12":"purchasable","13":"product-type-simple"},"acf":[],"_links":{"self":[{"href":"https:\/\/manna.pe\/en\/wp-json\/wp\/v2\/product\/12684"}],"collection":[{"href":"https:\/\/manna.pe\/en\/wp-json\/wp\/v2\/product"}],"about":[{"href":"https:\/\/manna.pe\/en\/wp-json\/wp\/v2\/types\/product"}],"wp:featuredmedia":[{"embeddable":true,"href":"https:\/\/manna.pe\/en\/wp-json\/wp\/v2\/media\/12667"}],"wp:attachment":[{"href":"https:\/\/manna.pe\/en\/wp-json\/wp\/v2\/media?parent=12684"}],"wp:term":[{"taxonomy":"product_brand","embeddable":true,"href":"https:\/\/manna.pe\/en\/wp-json\/wp\/v2\/product_brand?post=12684"},{"taxonomy":"product_cat","embeddable":true,"href":"https:\/\/manna.pe\/en\/wp-json\/wp\/v2\/product_cat?post=12684"},{"taxonomy":"product_tag","embeddable":true,"href":"https:\/\/manna.pe\/en\/wp-json\/wp\/v2\/product_tag?post=12684"}],"curies":[{"name":"wp","href":"https:\/\/api.w.org\/{rel}","templated":true}]}}