{"id":12682,"date":"2024-10-22T13:21:48","date_gmt":"2024-10-22T18:21:48","guid":{"rendered":"https:\/\/manna.pe\/?post_type=product&#038;p=12682"},"modified":"2024-10-25T20:54:41","modified_gmt":"2024-10-26T01:54:41","slug":"vela-de-soya-aura-limon-y-naranja","status":"publish","type":"product","link":"https:\/\/manna.pe\/en\/producto\/vela-de-soya-aura-limon-y-naranja\/","title":{"rendered":"Vela de Soya Aura Lim\u00f3n y Naranja"},"content":{"rendered":"<p>Esta vela de soya Aura en envase de vidrio combina las esencias refrescantes de lim\u00f3n y naranja, ofreciendo un aroma c\u00edtrico revitalizante. Ideal para llenar tu espacio con una energ\u00eda vibrante y alegre, su dise\u00f1o \u00fanico con un oso estrellado la convierte en un elemento decorativo perfecto.<\/p>\n","protected":false},"excerpt":{"rendered":"<p>Esta vela de soya Aura en envase de vidrio combina las esencias refrescantes de lim\u00f3n y naranja, ofreciendo un aroma c\u00edtrico revitalizante. Ideal para llenar tu espacio con una energ\u00eda vibrante y alegre, su dise\u00f1o \u00fanico con un oso estrellado la convierte en un elemento decorativo perfecto.<\/p>\n","protected":false},"featured_media":12669,"template":"","meta":{"_acf_changed":false},"product_brand":[],"product_cat":[30,1432],"product_tag":[],"class_list":{"0":"post-12682","1":"product","2":"type-product","3":"status-publish","4":"has-post-thumbnail","6":"product_cat-decohogar","7":"product_cat-velas","9":"first","10":"instock","11":"shipping-taxable","12":"purchasable","13":"product-type-simple"},"acf":[],"_links":{"self":[{"href":"https:\/\/manna.pe\/en\/wp-json\/wp\/v2\/product\/12682"}],"collection":[{"href":"https:\/\/manna.pe\/en\/wp-json\/wp\/v2\/product"}],"about":[{"href":"https:\/\/manna.pe\/en\/wp-json\/wp\/v2\/types\/product"}],"wp:featuredmedia":[{"embeddable":true,"href":"https:\/\/manna.pe\/en\/wp-json\/wp\/v2\/media\/12669"}],"wp:attachment":[{"href":"https:\/\/manna.pe\/en\/wp-json\/wp\/v2\/media?parent=12682"}],"wp:term":[{"taxonomy":"product_brand","embeddable":true,"href":"https:\/\/manna.pe\/en\/wp-json\/wp\/v2\/product_brand?post=12682"},{"taxonomy":"product_cat","embeddable":true,"href":"https:\/\/manna.pe\/en\/wp-json\/wp\/v2\/product_cat?post=12682"},{"taxonomy":"product_tag","embeddable":true,"href":"https:\/\/manna.pe\/en\/wp-json\/wp\/v2\/product_tag?post=12682"}],"curies":[{"name":"wp","href":"https:\/\/api.w.org\/{rel}","templated":true}]}}