{"id":12675,"date":"2024-10-22T13:03:19","date_gmt":"2024-10-22T18:03:19","guid":{"rendered":"https:\/\/manna.pe\/?post_type=product&#038;p=12675"},"modified":"2025-01-21T14:32:04","modified_gmt":"2025-01-21T19:32:04","slug":"sanitizante-de-manos-mantra-yang","status":"publish","type":"product","link":"https:\/\/manna.pe\/en\/producto\/sanitizante-de-manos-mantra-yang\/","title":{"rendered":"\ud83e\udde1 Sanitizante de Manos &#8220;Yang&#8221; \u2013 Fuerza, Protecci\u00f3n y Energ\u00eda Poderosa \ud83d\udd25\u2728"},"content":{"rendered":"<p>Fortalece tu energ\u00eda con este <strong>sanitizante intencionado<\/strong>, una combinaci\u00f3n intensa de <strong>cedro, palo santo, s\u00e1ndalo, ruda, bergamota y musk<\/strong>, ideal para limpiar y armonizar.<\/p>\n<hr \/>\n<p>\ud83c\udf3f <strong>Caracter\u00edsticas:<\/strong><\/p>\n<ul>\n<li><strong>Desinfecci\u00f3n efectiva<\/strong> con 70% de alcohol.<\/li>\n<li><strong>Aromaterapia intensa y protectora<\/strong> para brindar seguridad y confianza.<\/li>\n<li><strong>Incluye un cuarzo<\/strong> para reforzar la intenci\u00f3n de fortaleza.<\/li>\n<li><strong>C\u00f3digo QR con mantra especial<\/strong> para conectar con la energ\u00eda del equilibrio y el poder interior.<\/li>\n<\/ul>\n<p>\u2728 <strong>Ideal para quienes buscan protecci\u00f3n, determinaci\u00f3n y energ\u00eda positiva.<\/strong><\/p>\n<hr \/>\n<p>\ud83d\uded2 <strong>\u00a1Agr\u00e9galo al carrito y siente su poder renovador!<\/strong><\/p>\n","protected":false},"excerpt":{"rendered":"<p>Fortalece tu energ\u00eda con este sanitizante intencionado, una combinaci\u00f3n intensa de cedro, palo santo, s\u00e1ndalo, ruda, bergamota y musk, ideal para limpiar y armonizar. \ud83c\udf3f Caracter\u00edsticas: Desinfecci\u00f3n efectiva con 70% de alcohol. Aromaterapia intensa y protectora para brindar seguridad y confianza. Incluye un cuarzo para reforzar la intenci\u00f3n de fortaleza. C\u00f3digo QR con mantra especial [&hellip;]<\/p>\n","protected":false},"featured_media":12525,"template":"","meta":{"_acf_changed":false},"product_brand":[],"product_cat":[474,480],"product_tag":[],"class_list":{"0":"post-12675","1":"product","2":"type-product","3":"status-publish","4":"has-post-thumbnail","6":"product_cat-belleza-y-bienestar","7":"product_cat-cuidado-personal","9":"first","10":"instock","11":"shipping-taxable","12":"purchasable","13":"product-type-simple"},"acf":[],"_links":{"self":[{"href":"https:\/\/manna.pe\/en\/wp-json\/wp\/v2\/product\/12675"}],"collection":[{"href":"https:\/\/manna.pe\/en\/wp-json\/wp\/v2\/product"}],"about":[{"href":"https:\/\/manna.pe\/en\/wp-json\/wp\/v2\/types\/product"}],"wp:featuredmedia":[{"embeddable":true,"href":"https:\/\/manna.pe\/en\/wp-json\/wp\/v2\/media\/12525"}],"wp:attachment":[{"href":"https:\/\/manna.pe\/en\/wp-json\/wp\/v2\/media?parent=12675"}],"wp:term":[{"taxonomy":"product_brand","embeddable":true,"href":"https:\/\/manna.pe\/en\/wp-json\/wp\/v2\/product_brand?post=12675"},{"taxonomy":"product_cat","embeddable":true,"href":"https:\/\/manna.pe\/en\/wp-json\/wp\/v2\/product_cat?post=12675"},{"taxonomy":"product_tag","embeddable":true,"href":"https:\/\/manna.pe\/en\/wp-json\/wp\/v2\/product_tag?post=12675"}],"curies":[{"name":"wp","href":"https:\/\/api.w.org\/{rel}","templated":true}]}}