{"id":12516,"date":"2024-10-18T18:16:18","date_gmt":"2024-10-18T23:16:18","guid":{"rendered":"https:\/\/manna.pe\/?post_type=product&#038;p=12516"},"modified":"2024-10-25T20:53:04","modified_gmt":"2024-10-26T01:53:04","slug":"tarjeta-feliz-cumple","status":"publish","type":"product","link":"https:\/\/manna.pe\/en\/producto\/tarjeta-feliz-cumple\/","title":{"rendered":"Tarjeta Feliz Cumple"},"content":{"rendered":"<p>Con un fondo lleno de velas y un mensaje central que dice \u00abFeliz Cumple\u00bb en letras desenfadadas, esta tarjeta es perfecta para celebrar un cumplea\u00f1os. El dise\u00f1o en tonos c\u00e1lidos y festivos transmite alegr\u00eda y entusiasmo, convirti\u00e9ndola en una excelente opci\u00f3n para felicitar a alguien en su d\u00eda especial.<\/p>\n","protected":false},"excerpt":{"rendered":"<p>Con un fondo lleno de velas y un mensaje central que dice \u00abFeliz Cumple\u00bb en letras desenfadadas, esta tarjeta es perfecta para celebrar un cumplea\u00f1os. El dise\u00f1o en tonos c\u00e1lidos y festivos transmite alegr\u00eda y entusiasmo, convirti\u00e9ndola en una excelente opci\u00f3n para felicitar a alguien en su d\u00eda especial.<\/p>\n","protected":false},"featured_media":12295,"template":"","meta":{"_acf_changed":false},"product_brand":[],"product_cat":[2226,2227,81],"product_tag":[],"class_list":{"0":"post-12516","1":"product","2":"type-product","3":"status-publish","4":"has-post-thumbnail","6":"product_cat-celebraciones","7":"product_cat-cumpleanos","8":"product_cat-tarjetas","10":"first","11":"instock","12":"shipping-taxable","13":"purchasable","14":"product-type-simple"},"acf":[],"_links":{"self":[{"href":"https:\/\/manna.pe\/en\/wp-json\/wp\/v2\/product\/12516"}],"collection":[{"href":"https:\/\/manna.pe\/en\/wp-json\/wp\/v2\/product"}],"about":[{"href":"https:\/\/manna.pe\/en\/wp-json\/wp\/v2\/types\/product"}],"wp:featuredmedia":[{"embeddable":true,"href":"https:\/\/manna.pe\/en\/wp-json\/wp\/v2\/media\/12295"}],"wp:attachment":[{"href":"https:\/\/manna.pe\/en\/wp-json\/wp\/v2\/media?parent=12516"}],"wp:term":[{"taxonomy":"product_brand","embeddable":true,"href":"https:\/\/manna.pe\/en\/wp-json\/wp\/v2\/product_brand?post=12516"},{"taxonomy":"product_cat","embeddable":true,"href":"https:\/\/manna.pe\/en\/wp-json\/wp\/v2\/product_cat?post=12516"},{"taxonomy":"product_tag","embeddable":true,"href":"https:\/\/manna.pe\/en\/wp-json\/wp\/v2\/product_tag?post=12516"}],"curies":[{"name":"wp","href":"https:\/\/api.w.org\/{rel}","templated":true}]}}