{"id":12512,"date":"2024-10-18T17:53:44","date_gmt":"2024-10-18T22:53:44","guid":{"rendered":"https:\/\/manna.pe\/?post_type=product&#038;p=12512"},"modified":"2024-10-25T20:53:04","modified_gmt":"2024-10-26T01:53:04","slug":"tarjeta-feliz-dia","status":"publish","type":"product","link":"https:\/\/manna.pe\/en\/producto\/tarjeta-feliz-dia\/","title":{"rendered":"Tarjeta Feliz D\u00eda"},"content":{"rendered":"<p>Con un dise\u00f1o lleno de colores y s\u00edmbolos festivos, esta tarjeta transmite alegr\u00eda y celebraci\u00f3n con el mensaje \u00abFeliz D\u00eda\u00bb en el centro. Los detalles divertidos, como serpentinas, estrellas y caritas sonrientes, crean un ambiente positivo y festivo, ideal para desear a alguien un d\u00eda especial lleno de felicidad.<\/p>\n","protected":false},"excerpt":{"rendered":"<p>Con un dise\u00f1o lleno de colores y s\u00edmbolos festivos, esta tarjeta transmite alegr\u00eda y celebraci\u00f3n con el mensaje \u00abFeliz D\u00eda\u00bb en el centro. Los detalles divertidos, como serpentinas, estrellas y caritas sonrientes, crean un ambiente positivo y festivo, ideal para desear a alguien un d\u00eda especial lleno de felicidad.<\/p>\n","protected":false},"featured_media":12288,"template":"","meta":{"_acf_changed":false},"product_brand":[],"product_cat":[2226,2227,81],"product_tag":[],"class_list":{"0":"post-12512","1":"product","2":"type-product","3":"status-publish","4":"has-post-thumbnail","6":"product_cat-celebraciones","7":"product_cat-cumpleanos","8":"product_cat-tarjetas","10":"first","11":"instock","12":"shipping-taxable","13":"purchasable","14":"product-type-simple"},"acf":[],"_links":{"self":[{"href":"https:\/\/manna.pe\/en\/wp-json\/wp\/v2\/product\/12512"}],"collection":[{"href":"https:\/\/manna.pe\/en\/wp-json\/wp\/v2\/product"}],"about":[{"href":"https:\/\/manna.pe\/en\/wp-json\/wp\/v2\/types\/product"}],"wp:featuredmedia":[{"embeddable":true,"href":"https:\/\/manna.pe\/en\/wp-json\/wp\/v2\/media\/12288"}],"wp:attachment":[{"href":"https:\/\/manna.pe\/en\/wp-json\/wp\/v2\/media?parent=12512"}],"wp:term":[{"taxonomy":"product_brand","embeddable":true,"href":"https:\/\/manna.pe\/en\/wp-json\/wp\/v2\/product_brand?post=12512"},{"taxonomy":"product_cat","embeddable":true,"href":"https:\/\/manna.pe\/en\/wp-json\/wp\/v2\/product_cat?post=12512"},{"taxonomy":"product_tag","embeddable":true,"href":"https:\/\/manna.pe\/en\/wp-json\/wp\/v2\/product_tag?post=12512"}],"curies":[{"name":"wp","href":"https:\/\/api.w.org\/{rel}","templated":true}]}}