{"id":12510,"date":"2024-10-18T17:42:51","date_gmt":"2024-10-18T22:42:51","guid":{"rendered":"https:\/\/manna.pe\/?post_type=product&#038;p=12510"},"modified":"2026-01-07T13:14:24","modified_gmt":"2026-01-07T18:14:24","slug":"tarjeta-bienvenido-al-mundo","status":"publish","type":"product","link":"https:\/\/manna.pe\/en\/producto\/tarjeta-bienvenido-al-mundo\/","title":{"rendered":"Tarjeta \u00a1Bienvenido al mundo!"},"content":{"rendered":"<p>Tarjeta encantadora con un dise\u00f1o de un solecito y un pollito sobre un fondo azul, acompa\u00f1ada del mensaje \u00ab\u00a1Bienvenido al mundo!\u00bb. Perfecta para celebrar la llegada de un reci\u00e9n nacido y dar una c\u00e1lida bienvenida. Ideal para compartir alegr\u00eda en este momento especial de la vida.<\/p>\n","protected":false},"excerpt":{"rendered":"<p>Tarjeta encantadora con un dise\u00f1o de un solecito y un pollito sobre un fondo azul, acompa\u00f1ada del mensaje \u00ab\u00a1Bienvenido al mundo!\u00bb. Perfecta para celebrar la llegada de un reci\u00e9n nacido y dar una c\u00e1lida bienvenida. Ideal para compartir alegr\u00eda en este momento especial de la vida.<\/p>\n","protected":false},"featured_media":12285,"template":"","meta":{"_acf_changed":false},"product_brand":[],"product_cat":[2226,81],"product_tag":[],"class_list":{"0":"post-12510","1":"product","2":"type-product","3":"status-publish","4":"has-post-thumbnail","6":"product_cat-celebraciones","7":"product_cat-tarjetas","9":"first","10":"instock","11":"shipping-taxable","12":"purchasable","13":"product-type-simple"},"acf":[],"_links":{"self":[{"href":"https:\/\/manna.pe\/en\/wp-json\/wp\/v2\/product\/12510"}],"collection":[{"href":"https:\/\/manna.pe\/en\/wp-json\/wp\/v2\/product"}],"about":[{"href":"https:\/\/manna.pe\/en\/wp-json\/wp\/v2\/types\/product"}],"wp:featuredmedia":[{"embeddable":true,"href":"https:\/\/manna.pe\/en\/wp-json\/wp\/v2\/media\/12285"}],"wp:attachment":[{"href":"https:\/\/manna.pe\/en\/wp-json\/wp\/v2\/media?parent=12510"}],"wp:term":[{"taxonomy":"product_brand","embeddable":true,"href":"https:\/\/manna.pe\/en\/wp-json\/wp\/v2\/product_brand?post=12510"},{"taxonomy":"product_cat","embeddable":true,"href":"https:\/\/manna.pe\/en\/wp-json\/wp\/v2\/product_cat?post=12510"},{"taxonomy":"product_tag","embeddable":true,"href":"https:\/\/manna.pe\/en\/wp-json\/wp\/v2\/product_tag?post=12510"}],"curies":[{"name":"wp","href":"https:\/\/api.w.org\/{rel}","templated":true}]}}