{"id":12508,"date":"2024-10-18T17:39:51","date_gmt":"2024-10-18T22:39:51","guid":{"rendered":"https:\/\/manna.pe\/?post_type=product&#038;p=12508"},"modified":"2024-10-25T20:53:18","modified_gmt":"2024-10-26T01:53:18","slug":"tarjeta-llamas-enamoradas","status":"publish","type":"product","link":"https:\/\/manna.pe\/en\/producto\/tarjeta-llamas-enamoradas\/","title":{"rendered":"Tarjeta Llamas enamoradas"},"content":{"rendered":"<p>Tarjeta adorable con la ilustraci\u00f3n de dos llamas mir\u00e1ndose con un peque\u00f1o coraz\u00f3n sobre ellas. Perfecta para expresar cari\u00f1o y amor de una manera tierna y original. Ideal para regalar en ocasiones rom\u00e1nticas o simplemente para hacer sonre\u00edr a esa persona especial.<\/p>\n","protected":false},"excerpt":{"rendered":"<p>Tarjeta adorable con la ilustraci\u00f3n de dos llamas mir\u00e1ndose con un peque\u00f1o coraz\u00f3n sobre ellas. Perfecta para expresar cari\u00f1o y amor de una manera tierna y original. Ideal para regalar en ocasiones rom\u00e1nticas o simplemente para hacer sonre\u00edr a esa persona especial.<\/p>\n","protected":false},"featured_media":12283,"template":"","meta":{"_acf_changed":false},"product_brand":[],"product_cat":[2226,2230,81,2231],"product_tag":[],"class_list":{"0":"post-12508","1":"product","2":"type-product","3":"status-publish","4":"has-post-thumbnail","6":"product_cat-celebraciones","7":"product_cat-amor","8":"product_cat-tarjetas","9":"product_cat-recuerdos-peru","11":"first","12":"instock","13":"shipping-taxable","14":"purchasable","15":"product-type-simple"},"acf":[],"_links":{"self":[{"href":"https:\/\/manna.pe\/en\/wp-json\/wp\/v2\/product\/12508"}],"collection":[{"href":"https:\/\/manna.pe\/en\/wp-json\/wp\/v2\/product"}],"about":[{"href":"https:\/\/manna.pe\/en\/wp-json\/wp\/v2\/types\/product"}],"wp:featuredmedia":[{"embeddable":true,"href":"https:\/\/manna.pe\/en\/wp-json\/wp\/v2\/media\/12283"}],"wp:attachment":[{"href":"https:\/\/manna.pe\/en\/wp-json\/wp\/v2\/media?parent=12508"}],"wp:term":[{"taxonomy":"product_brand","embeddable":true,"href":"https:\/\/manna.pe\/en\/wp-json\/wp\/v2\/product_brand?post=12508"},{"taxonomy":"product_cat","embeddable":true,"href":"https:\/\/manna.pe\/en\/wp-json\/wp\/v2\/product_cat?post=12508"},{"taxonomy":"product_tag","embeddable":true,"href":"https:\/\/manna.pe\/en\/wp-json\/wp\/v2\/product_tag?post=12508"}],"curies":[{"name":"wp","href":"https:\/\/api.w.org\/{rel}","templated":true}]}}