{"id":12501,"date":"2024-10-18T17:12:10","date_gmt":"2024-10-18T22:12:10","guid":{"rendered":"https:\/\/manna.pe\/?post_type=product&#038;p=12501"},"modified":"2024-10-25T20:53:03","modified_gmt":"2024-10-26T01:53:03","slug":"tarjeta-es-tu-dia-rompela","status":"publish","type":"product","link":"https:\/\/manna.pe\/en\/producto\/tarjeta-es-tu-dia-rompela\/","title":{"rendered":"Tarjeta Es tu d\u00eda \u00a1R\u00f3mpela!"},"content":{"rendered":"<p>Esta divertida tarjeta muestra una colorida pi\u00f1ata en forma de llama acompa\u00f1ada del mensaje \u00abEs tu d\u00eda \u00a1R\u00f3mpela!\u00bb. Perfecta para celebrar un cumplea\u00f1os u ocasi\u00f3n especial con un toque alegre y festivo. El dise\u00f1o vibrante y el mensaje en\u00e9rgico invitan a disfrutar y celebrar al m\u00e1ximo.<\/p>\n","protected":false},"excerpt":{"rendered":"<p>Esta divertida tarjeta muestra una colorida pi\u00f1ata en forma de llama acompa\u00f1ada del mensaje \u00abEs tu d\u00eda \u00a1R\u00f3mpela!\u00bb. Perfecta para celebrar un cumplea\u00f1os u ocasi\u00f3n especial con un toque alegre y festivo. El dise\u00f1o vibrante y el mensaje en\u00e9rgico invitan a disfrutar y celebrar al m\u00e1ximo.<\/p>\n","protected":false},"featured_media":12269,"template":"","meta":{"_acf_changed":false},"product_brand":[],"product_cat":[2226,81,2231],"product_tag":[],"class_list":{"0":"post-12501","1":"product","2":"type-product","3":"status-publish","4":"has-post-thumbnail","6":"product_cat-celebraciones","7":"product_cat-tarjetas","8":"product_cat-recuerdos-peru","10":"first","11":"instock","12":"shipping-taxable","13":"purchasable","14":"product-type-simple"},"acf":[],"_links":{"self":[{"href":"https:\/\/manna.pe\/en\/wp-json\/wp\/v2\/product\/12501"}],"collection":[{"href":"https:\/\/manna.pe\/en\/wp-json\/wp\/v2\/product"}],"about":[{"href":"https:\/\/manna.pe\/en\/wp-json\/wp\/v2\/types\/product"}],"wp:featuredmedia":[{"embeddable":true,"href":"https:\/\/manna.pe\/en\/wp-json\/wp\/v2\/media\/12269"}],"wp:attachment":[{"href":"https:\/\/manna.pe\/en\/wp-json\/wp\/v2\/media?parent=12501"}],"wp:term":[{"taxonomy":"product_brand","embeddable":true,"href":"https:\/\/manna.pe\/en\/wp-json\/wp\/v2\/product_brand?post=12501"},{"taxonomy":"product_cat","embeddable":true,"href":"https:\/\/manna.pe\/en\/wp-json\/wp\/v2\/product_cat?post=12501"},{"taxonomy":"product_tag","embeddable":true,"href":"https:\/\/manna.pe\/en\/wp-json\/wp\/v2\/product_tag?post=12501"}],"curies":[{"name":"wp","href":"https:\/\/api.w.org\/{rel}","templated":true}]}}