{"id":12491,"date":"2024-10-18T13:10:29","date_gmt":"2024-10-18T18:10:29","guid":{"rendered":"https:\/\/manna.pe\/?post_type=product&#038;p=12491"},"modified":"2024-10-25T20:53:18","modified_gmt":"2024-10-26T01:53:18","slug":"tarjeta-la-dama-y-el-vagabundo","status":"publish","type":"product","link":"https:\/\/manna.pe\/en\/producto\/tarjeta-la-dama-y-el-vagabundo\/","title":{"rendered":"Tarjeta La Dama y el Vagabundo"},"content":{"rendered":"<p>Tarjeta adorable con la ilustraci\u00f3n de la pel\u00edcula ic\u00f3nica de Disney de la Dama y el Vagabundo compartiendo un espagueti en forma de coraz\u00f3n, con peque\u00f1os corazones sobre sus cabezas. Ideal para expresar amor y ternura de una manera divertida y encantadora. Perfecta para regalar en ocasiones rom\u00e1nticas o para celebrar una relaci\u00f3n especial.<\/p>\n","protected":false},"excerpt":{"rendered":"<p>Tarjeta adorable con la ilustraci\u00f3n de la pel\u00edcula ic\u00f3nica de Disney de la Dama y el Vagabundo compartiendo un espagueti en forma de coraz\u00f3n, con peque\u00f1os corazones sobre sus cabezas. Ideal para expresar amor y ternura de una manera divertida y encantadora. Perfecta para regalar en ocasiones rom\u00e1nticas o para celebrar una relaci\u00f3n especial.<\/p>\n","protected":false},"featured_media":12251,"template":"","meta":{"_acf_changed":false},"product_brand":[],"product_cat":[2226,2230,81],"product_tag":[],"class_list":{"0":"post-12491","1":"product","2":"type-product","3":"status-publish","4":"has-post-thumbnail","6":"product_cat-celebraciones","7":"product_cat-amor","8":"product_cat-tarjetas","10":"first","11":"instock","12":"shipping-taxable","13":"purchasable","14":"product-type-simple"},"acf":[],"_links":{"self":[{"href":"https:\/\/manna.pe\/en\/wp-json\/wp\/v2\/product\/12491"}],"collection":[{"href":"https:\/\/manna.pe\/en\/wp-json\/wp\/v2\/product"}],"about":[{"href":"https:\/\/manna.pe\/en\/wp-json\/wp\/v2\/types\/product"}],"wp:featuredmedia":[{"embeddable":true,"href":"https:\/\/manna.pe\/en\/wp-json\/wp\/v2\/media\/12251"}],"wp:attachment":[{"href":"https:\/\/manna.pe\/en\/wp-json\/wp\/v2\/media?parent=12491"}],"wp:term":[{"taxonomy":"product_brand","embeddable":true,"href":"https:\/\/manna.pe\/en\/wp-json\/wp\/v2\/product_brand?post=12491"},{"taxonomy":"product_cat","embeddable":true,"href":"https:\/\/manna.pe\/en\/wp-json\/wp\/v2\/product_cat?post=12491"},{"taxonomy":"product_tag","embeddable":true,"href":"https:\/\/manna.pe\/en\/wp-json\/wp\/v2\/product_tag?post=12491"}],"curies":[{"name":"wp","href":"https:\/\/api.w.org\/{rel}","templated":true}]}}