{"id":12340,"date":"2024-10-17T16:19:13","date_gmt":"2024-10-17T21:19:13","guid":{"rendered":"https:\/\/manna.pe\/?post_type=product&#038;p=12340"},"modified":"2024-10-25T20:47:11","modified_gmt":"2024-10-26T01:47:11","slug":"kit-de-limpieza-energetica-con-amatista","status":"publish","type":"product","link":"https:\/\/manna.pe\/en\/producto\/kit-de-limpieza-energetica-con-amatista\/","title":{"rendered":"Kit de Limpieza Energ\u00e9tica con Amatista"},"content":{"rendered":"<p>Este kit incluye palo santo, flores secas y un cristal de amatista, conocido por sus propiedades de equilibrio, protecci\u00f3n y espiritualidad. Ideal para fomentar la meditaci\u00f3n, la paz interior y la claridad mental, es perfecto para elevar las vibraciones energ\u00e9ticas y promover un ambiente de serenidad y transformaci\u00f3n personal.<\/p>\n","protected":false},"excerpt":{"rendered":"<p>Este kit incluye palo santo, flores secas y un cristal de amatista, conocido por sus propiedades de equilibrio, protecci\u00f3n y espiritualidad. Ideal para fomentar la meditaci\u00f3n, la paz interior y la claridad mental, es perfecto para elevar las vibraciones energ\u00e9ticas y promover un ambiente de serenidad y transformaci\u00f3n personal.<\/p>\n","protected":false},"featured_media":12187,"template":"","meta":{"_acf_changed":false},"product_brand":[],"product_cat":[474,480],"product_tag":[],"class_list":{"0":"post-12340","1":"product","2":"type-product","3":"status-publish","4":"has-post-thumbnail","6":"product_cat-belleza-y-bienestar","7":"product_cat-cuidado-personal","9":"first","10":"instock","11":"shipping-taxable","12":"purchasable","13":"product-type-simple"},"acf":[],"_links":{"self":[{"href":"https:\/\/manna.pe\/en\/wp-json\/wp\/v2\/product\/12340"}],"collection":[{"href":"https:\/\/manna.pe\/en\/wp-json\/wp\/v2\/product"}],"about":[{"href":"https:\/\/manna.pe\/en\/wp-json\/wp\/v2\/types\/product"}],"wp:featuredmedia":[{"embeddable":true,"href":"https:\/\/manna.pe\/en\/wp-json\/wp\/v2\/media\/12187"}],"wp:attachment":[{"href":"https:\/\/manna.pe\/en\/wp-json\/wp\/v2\/media?parent=12340"}],"wp:term":[{"taxonomy":"product_brand","embeddable":true,"href":"https:\/\/manna.pe\/en\/wp-json\/wp\/v2\/product_brand?post=12340"},{"taxonomy":"product_cat","embeddable":true,"href":"https:\/\/manna.pe\/en\/wp-json\/wp\/v2\/product_cat?post=12340"},{"taxonomy":"product_tag","embeddable":true,"href":"https:\/\/manna.pe\/en\/wp-json\/wp\/v2\/product_tag?post=12340"}],"curies":[{"name":"wp","href":"https:\/\/api.w.org\/{rel}","templated":true}]}}