{"id":12339,"date":"2024-10-17T16:16:20","date_gmt":"2024-10-17T21:16:20","guid":{"rendered":"https:\/\/manna.pe\/?post_type=product&#038;p=12339"},"modified":"2024-10-25T20:47:21","modified_gmt":"2024-10-26T01:47:21","slug":"kit-de-limpieza-energetica-con-pirita","status":"publish","type":"product","link":"https:\/\/manna.pe\/en\/producto\/kit-de-limpieza-energetica-con-pirita\/","title":{"rendered":"Kit de Limpieza Energ\u00e9tica con Pirita"},"content":{"rendered":"<p>Este kit contiene palo santo, un ramo de flores secas y un cristal de pirita, ideal para atraer prosperidad, protecci\u00f3n y energ\u00eda positiva. La pirita es conocida por sus propiedades de abundancia y \u00e9xito, perfecta para limpiar y energizar cualquier espacio, promoviendo bienestar y equilibrio.<\/p>\n","protected":false},"excerpt":{"rendered":"<p>Este kit contiene palo santo, un ramo de flores secas y un cristal de pirita, ideal para atraer prosperidad, protecci\u00f3n y energ\u00eda positiva. La pirita es conocida por sus propiedades de abundancia y \u00e9xito, perfecta para limpiar y energizar cualquier espacio, promoviendo bienestar y equilibrio.<\/p>\n","protected":false},"featured_media":12188,"template":"","meta":{"_acf_changed":false},"product_brand":[],"product_cat":[474,480],"product_tag":[],"class_list":{"0":"post-12339","1":"product","2":"type-product","3":"status-publish","4":"has-post-thumbnail","6":"product_cat-belleza-y-bienestar","7":"product_cat-cuidado-personal","9":"first","10":"instock","11":"shipping-taxable","12":"purchasable","13":"product-type-simple"},"acf":[],"_links":{"self":[{"href":"https:\/\/manna.pe\/en\/wp-json\/wp\/v2\/product\/12339"}],"collection":[{"href":"https:\/\/manna.pe\/en\/wp-json\/wp\/v2\/product"}],"about":[{"href":"https:\/\/manna.pe\/en\/wp-json\/wp\/v2\/types\/product"}],"wp:featuredmedia":[{"embeddable":true,"href":"https:\/\/manna.pe\/en\/wp-json\/wp\/v2\/media\/12188"}],"wp:attachment":[{"href":"https:\/\/manna.pe\/en\/wp-json\/wp\/v2\/media?parent=12339"}],"wp:term":[{"taxonomy":"product_brand","embeddable":true,"href":"https:\/\/manna.pe\/en\/wp-json\/wp\/v2\/product_brand?post=12339"},{"taxonomy":"product_cat","embeddable":true,"href":"https:\/\/manna.pe\/en\/wp-json\/wp\/v2\/product_cat?post=12339"},{"taxonomy":"product_tag","embeddable":true,"href":"https:\/\/manna.pe\/en\/wp-json\/wp\/v2\/product_tag?post=12339"}],"curies":[{"name":"wp","href":"https:\/\/api.w.org\/{rel}","templated":true}]}}