{"id":12338,"date":"2024-10-17T16:15:28","date_gmt":"2024-10-17T21:15:28","guid":{"rendered":"https:\/\/manna.pe\/?post_type=product&#038;p=12338"},"modified":"2025-04-29T23:56:42","modified_gmt":"2025-04-30T04:56:42","slug":"kit-de-limpieza-energetica-con-citrino","status":"publish","type":"product","link":"https:\/\/manna.pe\/en\/producto\/kit-de-limpieza-energetica-con-citrino\/","title":{"rendered":"Kit de Limpieza Energ\u00e9tica con Citrino"},"content":{"rendered":"<p>Este kit contiene palo santo, flores secas y un cristal de citrino, conocido por sus propiedades de abundancia, prosperidad y energ\u00eda positiva. Es ideal para purificar el ambiente, atraer \u00e9xito y alegr\u00eda, y promover la claridad mental. Perfecto para armonizar el espacio y elevar las vibraciones energ\u00e9ticas.<\/p>\n","protected":false},"excerpt":{"rendered":"<p>Este kit contiene palo santo, flores secas y un cristal de citrino, conocido por sus propiedades de abundancia, prosperidad y energ\u00eda positiva. Es ideal para purificar el ambiente, atraer \u00e9xito y alegr\u00eda, y promover la claridad mental. Perfecto para armonizar el espacio y elevar las vibraciones energ\u00e9ticas.<\/p>\n","protected":false},"featured_media":12189,"template":"","meta":{"_acf_changed":false},"product_brand":[],"product_cat":[474,480],"product_tag":[],"class_list":{"0":"post-12338","1":"product","2":"type-product","3":"status-publish","4":"has-post-thumbnail","6":"product_cat-belleza-y-bienestar","7":"product_cat-cuidado-personal","9":"first","10":"instock","11":"shipping-taxable","12":"purchasable","13":"product-type-simple"},"acf":[],"_links":{"self":[{"href":"https:\/\/manna.pe\/en\/wp-json\/wp\/v2\/product\/12338"}],"collection":[{"href":"https:\/\/manna.pe\/en\/wp-json\/wp\/v2\/product"}],"about":[{"href":"https:\/\/manna.pe\/en\/wp-json\/wp\/v2\/types\/product"}],"wp:featuredmedia":[{"embeddable":true,"href":"https:\/\/manna.pe\/en\/wp-json\/wp\/v2\/media\/12189"}],"wp:attachment":[{"href":"https:\/\/manna.pe\/en\/wp-json\/wp\/v2\/media?parent=12338"}],"wp:term":[{"taxonomy":"product_brand","embeddable":true,"href":"https:\/\/manna.pe\/en\/wp-json\/wp\/v2\/product_brand?post=12338"},{"taxonomy":"product_cat","embeddable":true,"href":"https:\/\/manna.pe\/en\/wp-json\/wp\/v2\/product_cat?post=12338"},{"taxonomy":"product_tag","embeddable":true,"href":"https:\/\/manna.pe\/en\/wp-json\/wp\/v2\/product_tag?post=12338"}],"curies":[{"name":"wp","href":"https:\/\/api.w.org\/{rel}","templated":true}]}}