{"id":12333,"date":"2024-10-17T16:04:06","date_gmt":"2024-10-17T21:04:06","guid":{"rendered":"https:\/\/manna.pe\/?post_type=product&#038;p=12333"},"modified":"2024-10-25T20:54:41","modified_gmt":"2024-10-26T01:54:41","slug":"vela-hierba-luisa-en-envase-mandala","status":"publish","type":"product","link":"https:\/\/manna.pe\/en\/producto\/vela-hierba-luisa-en-envase-mandala\/","title":{"rendered":"Vela Mandala Azul Profundo"},"content":{"rendered":"<p>Esta vela arom\u00e1tica presenta un delicado patr\u00f3n de mandala en tonos azul profundo y p\u00farpura, ideal para crear un ambiente relajante. El aroma suave y envolvente de la Hierba Luisa te invita a desconectar del d\u00eda a d\u00eda y disfrutar de un momento de paz y serenidad.<\/p>\n","protected":false},"excerpt":{"rendered":"<p>Esta vela arom\u00e1tica presenta un delicado patr\u00f3n de mandala en tonos azul profundo y p\u00farpura, ideal para crear un ambiente relajante. El aroma suave y envolvente de la Hierba Luisa te invita a desconectar del d\u00eda a d\u00eda y disfrutar de un momento de paz y serenidad.<\/p>\n","protected":false},"featured_media":12161,"template":"","meta":{"_acf_changed":false},"product_brand":[],"product_cat":[30,1432],"product_tag":[],"class_list":{"0":"post-12333","1":"product","2":"type-product","3":"status-publish","4":"has-post-thumbnail","6":"product_cat-decohogar","7":"product_cat-velas","9":"first","10":"instock","11":"shipping-taxable","12":"purchasable","13":"product-type-simple"},"acf":[],"_links":{"self":[{"href":"https:\/\/manna.pe\/en\/wp-json\/wp\/v2\/product\/12333"}],"collection":[{"href":"https:\/\/manna.pe\/en\/wp-json\/wp\/v2\/product"}],"about":[{"href":"https:\/\/manna.pe\/en\/wp-json\/wp\/v2\/types\/product"}],"wp:featuredmedia":[{"embeddable":true,"href":"https:\/\/manna.pe\/en\/wp-json\/wp\/v2\/media\/12161"}],"wp:attachment":[{"href":"https:\/\/manna.pe\/en\/wp-json\/wp\/v2\/media?parent=12333"}],"wp:term":[{"taxonomy":"product_brand","embeddable":true,"href":"https:\/\/manna.pe\/en\/wp-json\/wp\/v2\/product_brand?post=12333"},{"taxonomy":"product_cat","embeddable":true,"href":"https:\/\/manna.pe\/en\/wp-json\/wp\/v2\/product_cat?post=12333"},{"taxonomy":"product_tag","embeddable":true,"href":"https:\/\/manna.pe\/en\/wp-json\/wp\/v2\/product_tag?post=12333"}],"curies":[{"name":"wp","href":"https:\/\/api.w.org\/{rel}","templated":true}]}}