{"id":12332,"date":"2024-10-17T16:01:29","date_gmt":"2024-10-17T21:01:29","guid":{"rendered":"https:\/\/manna.pe\/?post_type=product&#038;p=12332"},"modified":"2024-10-25T20:54:42","modified_gmt":"2024-10-26T01:54:42","slug":"vela-jazmin-en-envase-mandala","status":"publish","type":"product","link":"https:\/\/manna.pe\/en\/producto\/vela-jazmin-en-envase-mandala\/","title":{"rendered":"Vela Mandala Rojo Soleado"},"content":{"rendered":"<p>El vibrante color rojo y los detalles dorados de esta vela en lata met\u00e1lica ofrecen una combinaci\u00f3n de energ\u00eda y elegancia. Su delicada fragancia de Jazm\u00edn est\u00e1 pensada para elevar el esp\u00edritu y crear un ambiente c\u00e1lido y envolvente en cualquier estancia.<\/p>\n","protected":false},"excerpt":{"rendered":"<p>El vibrante color rojo y los detalles dorados de esta vela en lata met\u00e1lica ofrecen una combinaci\u00f3n de energ\u00eda y elegancia. Su delicada fragancia de Jazm\u00edn est\u00e1 pensada para elevar el esp\u00edritu y crear un ambiente c\u00e1lido y envolvente en cualquier estancia.<\/p>\n","protected":false},"featured_media":12159,"template":"","meta":{"_acf_changed":false},"product_brand":[],"product_cat":[30,1432],"product_tag":[],"class_list":{"0":"post-12332","1":"product","2":"type-product","3":"status-publish","4":"has-post-thumbnail","6":"product_cat-decohogar","7":"product_cat-velas","9":"first","10":"instock","11":"shipping-taxable","12":"purchasable","13":"product-type-simple"},"acf":[],"_links":{"self":[{"href":"https:\/\/manna.pe\/en\/wp-json\/wp\/v2\/product\/12332"}],"collection":[{"href":"https:\/\/manna.pe\/en\/wp-json\/wp\/v2\/product"}],"about":[{"href":"https:\/\/manna.pe\/en\/wp-json\/wp\/v2\/types\/product"}],"wp:featuredmedia":[{"embeddable":true,"href":"https:\/\/manna.pe\/en\/wp-json\/wp\/v2\/media\/12159"}],"wp:attachment":[{"href":"https:\/\/manna.pe\/en\/wp-json\/wp\/v2\/media?parent=12332"}],"wp:term":[{"taxonomy":"product_brand","embeddable":true,"href":"https:\/\/manna.pe\/en\/wp-json\/wp\/v2\/product_brand?post=12332"},{"taxonomy":"product_cat","embeddable":true,"href":"https:\/\/manna.pe\/en\/wp-json\/wp\/v2\/product_cat?post=12332"},{"taxonomy":"product_tag","embeddable":true,"href":"https:\/\/manna.pe\/en\/wp-json\/wp\/v2\/product_tag?post=12332"}],"curies":[{"name":"wp","href":"https:\/\/api.w.org\/{rel}","templated":true}]}}