{"id":12328,"date":"2024-10-17T15:44:43","date_gmt":"2024-10-17T20:44:43","guid":{"rendered":"https:\/\/manna.pe\/?post_type=product&#038;p=12328"},"modified":"2024-10-25T20:52:32","modified_gmt":"2024-10-26T01:52:32","slug":"sonrie-en-concreto-rosa","status":"publish","type":"product","link":"https:\/\/manna.pe\/en\/producto\/sonrie-en-concreto-rosa\/","title":{"rendered":"Sonrie en Concreto Rosa"},"content":{"rendered":"<p>Decoraci\u00f3n de letras hechas de cemento formando la palabra &#8220;Sonr\u00ede&#8221;, acompa\u00f1ada de una peque\u00f1a maceta con flores secas y un coraz\u00f3n. Ideal para llenar cualquier espacio de alegr\u00eda y buenas vibras, perfecta para interiores llenos de energ\u00eda positiva y estilo encantador.<\/p>\n","protected":false},"excerpt":{"rendered":"<p>Decoraci\u00f3n de letras hechas de cemento formando la palabra &#8220;Sonr\u00ede&#8221;, acompa\u00f1ada de una peque\u00f1a maceta con flores secas y un coraz\u00f3n. Ideal para llenar cualquier espacio de alegr\u00eda y buenas vibras, perfecta para interiores llenos de energ\u00eda positiva y estilo encantador.<\/p>\n","protected":false},"featured_media":12177,"template":"","meta":{"_acf_changed":false},"product_brand":[],"product_cat":[30,108],"product_tag":[],"class_list":{"0":"post-12328","1":"product","2":"type-product","3":"status-publish","4":"has-post-thumbnail","6":"product_cat-decohogar","7":"product_cat-letras_concreto","9":"first","10":"instock","11":"shipping-taxable","12":"purchasable","13":"product-type-simple"},"acf":[],"_links":{"self":[{"href":"https:\/\/manna.pe\/en\/wp-json\/wp\/v2\/product\/12328"}],"collection":[{"href":"https:\/\/manna.pe\/en\/wp-json\/wp\/v2\/product"}],"about":[{"href":"https:\/\/manna.pe\/en\/wp-json\/wp\/v2\/types\/product"}],"wp:featuredmedia":[{"embeddable":true,"href":"https:\/\/manna.pe\/en\/wp-json\/wp\/v2\/media\/12177"}],"wp:attachment":[{"href":"https:\/\/manna.pe\/en\/wp-json\/wp\/v2\/media?parent=12328"}],"wp:term":[{"taxonomy":"product_brand","embeddable":true,"href":"https:\/\/manna.pe\/en\/wp-json\/wp\/v2\/product_brand?post=12328"},{"taxonomy":"product_cat","embeddable":true,"href":"https:\/\/manna.pe\/en\/wp-json\/wp\/v2\/product_cat?post=12328"},{"taxonomy":"product_tag","embeddable":true,"href":"https:\/\/manna.pe\/en\/wp-json\/wp\/v2\/product_tag?post=12328"}],"curies":[{"name":"wp","href":"https:\/\/api.w.org\/{rel}","templated":true}]}}