{"id":12325,"date":"2024-10-17T15:37:38","date_gmt":"2024-10-17T20:37:38","guid":{"rendered":"https:\/\/manna.pe\/?post_type=product&#038;p=12325"},"modified":"2024-10-25T20:44:21","modified_gmt":"2024-10-26T01:44:21","slug":"bonita-en-concreto-rosa","status":"publish","type":"product","link":"https:\/\/manna.pe\/en\/producto\/bonita-en-concreto-rosa\/","title":{"rendered":"Bonita en concreto Rosa"},"content":{"rendered":"<p>Decoraci\u00f3n de letras hechas de cemento formando la palabra &#8220;Bonita&#8221;, acompa\u00f1ada de una peque\u00f1a maceta con flores secas y un coraz\u00f3n. Ideal para agregar un toque de ternura y naturalidad a cualquier espacio, perfecta para interiores acogedores y con estilo \u00fanico.<\/p>\n","protected":false},"excerpt":{"rendered":"<p>Decoraci\u00f3n de letras hechas de cemento formando la palabra &#8220;Bonita&#8221;, acompa\u00f1ada de una peque\u00f1a maceta con flores secas y un coraz\u00f3n. Ideal para agregar un toque de ternura y naturalidad a cualquier espacio, perfecta para interiores acogedores y con estilo \u00fanico.<\/p>\n","protected":false},"featured_media":12174,"template":"","meta":{"_acf_changed":false},"product_brand":[],"product_cat":[30,108],"product_tag":[],"class_list":{"0":"post-12325","1":"product","2":"type-product","3":"status-publish","4":"has-post-thumbnail","6":"product_cat-decohogar","7":"product_cat-letras_concreto","9":"first","10":"instock","11":"shipping-taxable","12":"purchasable","13":"product-type-simple"},"acf":[],"_links":{"self":[{"href":"https:\/\/manna.pe\/en\/wp-json\/wp\/v2\/product\/12325"}],"collection":[{"href":"https:\/\/manna.pe\/en\/wp-json\/wp\/v2\/product"}],"about":[{"href":"https:\/\/manna.pe\/en\/wp-json\/wp\/v2\/types\/product"}],"wp:featuredmedia":[{"embeddable":true,"href":"https:\/\/manna.pe\/en\/wp-json\/wp\/v2\/media\/12174"}],"wp:attachment":[{"href":"https:\/\/manna.pe\/en\/wp-json\/wp\/v2\/media?parent=12325"}],"wp:term":[{"taxonomy":"product_brand","embeddable":true,"href":"https:\/\/manna.pe\/en\/wp-json\/wp\/v2\/product_brand?post=12325"},{"taxonomy":"product_cat","embeddable":true,"href":"https:\/\/manna.pe\/en\/wp-json\/wp\/v2\/product_cat?post=12325"},{"taxonomy":"product_tag","embeddable":true,"href":"https:\/\/manna.pe\/en\/wp-json\/wp\/v2\/product_tag?post=12325"}],"curies":[{"name":"wp","href":"https:\/\/api.w.org\/{rel}","templated":true}]}}