{"id":12324,"date":"2024-10-17T15:35:25","date_gmt":"2024-10-17T20:35:25","guid":{"rendered":"https:\/\/manna.pe\/?post_type=product&#038;p=12324"},"modified":"2024-11-04T11:22:21","modified_gmt":"2024-11-04T16:22:21","slug":"porta-foto-familia-en-concreto","status":"publish","type":"product","link":"https:\/\/manna.pe\/en\/producto\/porta-foto-familia-en-concreto\/","title":{"rendered":"Porta Foto Familia en Concreto"},"content":{"rendered":"<p>Decoraci\u00f3n de letras hechas de cemento formando la palabra &#8220;Familia&#8221;, acompa\u00f1ada de dos corazones rojos a los lados. Un detalle perfecto para expresar el amor y la uni\u00f3n familiar, ideal para decorar cualquier espacio en interiores o exteriores.<\/p>\n","protected":false},"excerpt":{"rendered":"<p>Decoraci\u00f3n de letras hechas de cemento formando la palabra &#8220;Familia&#8221;, acompa\u00f1ada de dos corazones rojos a los lados. Un detalle perfecto para expresar el amor y la uni\u00f3n familiar, ideal para decorar cualquier espacio en interiores o exteriores.<\/p>\n","protected":false},"featured_media":12173,"template":"","meta":{"_acf_changed":false},"product_brand":[],"product_cat":[30,108],"product_tag":[],"class_list":{"0":"post-12324","1":"product","2":"type-product","3":"status-publish","4":"has-post-thumbnail","6":"product_cat-decohogar","7":"product_cat-letras_concreto","9":"first","10":"instock","11":"shipping-taxable","12":"purchasable","13":"product-type-simple"},"acf":[],"_links":{"self":[{"href":"https:\/\/manna.pe\/en\/wp-json\/wp\/v2\/product\/12324"}],"collection":[{"href":"https:\/\/manna.pe\/en\/wp-json\/wp\/v2\/product"}],"about":[{"href":"https:\/\/manna.pe\/en\/wp-json\/wp\/v2\/types\/product"}],"wp:featuredmedia":[{"embeddable":true,"href":"https:\/\/manna.pe\/en\/wp-json\/wp\/v2\/media\/12173"}],"wp:attachment":[{"href":"https:\/\/manna.pe\/en\/wp-json\/wp\/v2\/media?parent=12324"}],"wp:term":[{"taxonomy":"product_brand","embeddable":true,"href":"https:\/\/manna.pe\/en\/wp-json\/wp\/v2\/product_brand?post=12324"},{"taxonomy":"product_cat","embeddable":true,"href":"https:\/\/manna.pe\/en\/wp-json\/wp\/v2\/product_cat?post=12324"},{"taxonomy":"product_tag","embeddable":true,"href":"https:\/\/manna.pe\/en\/wp-json\/wp\/v2\/product_tag?post=12324"}],"curies":[{"name":"wp","href":"https:\/\/api.w.org\/{rel}","templated":true}]}}