{"id":12089,"date":"2024-10-09T13:21:06","date_gmt":"2024-10-09T18:21:06","guid":{"rendered":"https:\/\/manna.pe\/?post_type=product&#038;p=12089"},"modified":"2024-12-15T17:44:45","modified_gmt":"2024-12-15T22:44:45","slug":"angel-celeste-en-concreto","status":"publish","type":"product","link":"https:\/\/manna.pe\/en\/producto\/angel-celeste-en-concreto\/","title":{"rendered":"\u00c1ngel Celeste en Concreto"},"content":{"rendered":"<p>Este hermoso \u00e1ngel de concreto en color celeste es perfecto para a\u00f1adir un toque de paz y serenidad a cualquier espacio. Su dise\u00f1o delicado, con detalles en forma de coraz\u00f3n, lo convierte en un s\u00edmbolo de protecci\u00f3n y amor. Ideal para decorar estanter\u00edas o como un regalo especial lleno de significado.<\/p>\n","protected":false},"excerpt":{"rendered":"<p>Este hermoso \u00e1ngel de concreto en color celeste es perfecto para a\u00f1adir un toque de paz y serenidad a cualquier espacio. Su dise\u00f1o delicado, con detalles en forma de coraz\u00f3n, lo convierte en un s\u00edmbolo de protecci\u00f3n y amor. Ideal para decorar estanter\u00edas o como un regalo especial lleno de significado.<\/p>\n","protected":false},"featured_media":11831,"template":"","meta":{"_acf_changed":false},"product_brand":[],"product_cat":[30,108],"product_tag":[],"class_list":{"0":"post-12089","1":"product","2":"type-product","3":"status-publish","4":"has-post-thumbnail","6":"product_cat-decohogar","7":"product_cat-letras_concreto","9":"first","10":"instock","11":"shipping-taxable","12":"purchasable","13":"product-type-simple"},"acf":[],"_links":{"self":[{"href":"https:\/\/manna.pe\/en\/wp-json\/wp\/v2\/product\/12089"}],"collection":[{"href":"https:\/\/manna.pe\/en\/wp-json\/wp\/v2\/product"}],"about":[{"href":"https:\/\/manna.pe\/en\/wp-json\/wp\/v2\/types\/product"}],"wp:featuredmedia":[{"embeddable":true,"href":"https:\/\/manna.pe\/en\/wp-json\/wp\/v2\/media\/11831"}],"wp:attachment":[{"href":"https:\/\/manna.pe\/en\/wp-json\/wp\/v2\/media?parent=12089"}],"wp:term":[{"taxonomy":"product_brand","embeddable":true,"href":"https:\/\/manna.pe\/en\/wp-json\/wp\/v2\/product_brand?post=12089"},{"taxonomy":"product_cat","embeddable":true,"href":"https:\/\/manna.pe\/en\/wp-json\/wp\/v2\/product_cat?post=12089"},{"taxonomy":"product_tag","embeddable":true,"href":"https:\/\/manna.pe\/en\/wp-json\/wp\/v2\/product_tag?post=12089"}],"curies":[{"name":"wp","href":"https:\/\/api.w.org\/{rel}","templated":true}]}}