{"id":12088,"date":"2024-10-09T13:19:19","date_gmt":"2024-10-09T18:19:19","guid":{"rendered":"https:\/\/manna.pe\/?post_type=product&#038;p=12088"},"modified":"2024-10-25T20:47:42","modified_gmt":"2024-10-26T01:47:42","slug":"mariposa-morada-en-concreto","status":"publish","type":"product","link":"https:\/\/manna.pe\/en\/producto\/mariposa-morada-en-concreto\/","title":{"rendered":"Mariposa Morada en Concreto"},"content":{"rendered":"<p>Esta mariposa de concreto en color morado es una pieza decorativa con un dise\u00f1o geom\u00e9trico moderno y elegante. Ideal para a\u00f1adir un toque de estilo y naturaleza a cualquier espacio, su estructura resistente la convierte en un elemento decorativo \u00fanico para el hogar u oficina.<\/p>\n","protected":false},"excerpt":{"rendered":"<p>Esta mariposa de concreto en color morado es una pieza decorativa con un dise\u00f1o geom\u00e9trico moderno y elegante. Ideal para a\u00f1adir un toque de estilo y naturaleza a cualquier espacio, su estructura resistente la convierte en un elemento decorativo \u00fanico para el hogar u oficina.<\/p>\n","protected":false},"featured_media":11823,"template":"","meta":{"_acf_changed":false},"product_brand":[],"product_cat":[30,108],"product_tag":[],"class_list":{"0":"post-12088","1":"product","2":"type-product","3":"status-publish","4":"has-post-thumbnail","6":"product_cat-decohogar","7":"product_cat-letras_concreto","9":"first","10":"instock","11":"shipping-taxable","12":"purchasable","13":"product-type-simple"},"acf":[],"_links":{"self":[{"href":"https:\/\/manna.pe\/en\/wp-json\/wp\/v2\/product\/12088"}],"collection":[{"href":"https:\/\/manna.pe\/en\/wp-json\/wp\/v2\/product"}],"about":[{"href":"https:\/\/manna.pe\/en\/wp-json\/wp\/v2\/types\/product"}],"wp:featuredmedia":[{"embeddable":true,"href":"https:\/\/manna.pe\/en\/wp-json\/wp\/v2\/media\/11823"}],"wp:attachment":[{"href":"https:\/\/manna.pe\/en\/wp-json\/wp\/v2\/media?parent=12088"}],"wp:term":[{"taxonomy":"product_brand","embeddable":true,"href":"https:\/\/manna.pe\/en\/wp-json\/wp\/v2\/product_brand?post=12088"},{"taxonomy":"product_cat","embeddable":true,"href":"https:\/\/manna.pe\/en\/wp-json\/wp\/v2\/product_cat?post=12088"},{"taxonomy":"product_tag","embeddable":true,"href":"https:\/\/manna.pe\/en\/wp-json\/wp\/v2\/product_tag?post=12088"}],"curies":[{"name":"wp","href":"https:\/\/api.w.org\/{rel}","templated":true}]}}