{"id":12087,"date":"2024-10-09T13:12:57","date_gmt":"2024-10-09T18:12:57","guid":{"rendered":"https:\/\/manna.pe\/?post_type=product&#038;p=12087"},"modified":"2024-10-25T20:47:42","modified_gmt":"2024-10-26T01:47:42","slug":"mariposa-rosada-en-concreto","status":"publish","type":"product","link":"https:\/\/manna.pe\/en\/producto\/mariposa-rosada-en-concreto\/","title":{"rendered":"Mariposa Rosada en Concreto"},"content":{"rendered":"<p>Esta mariposa de concreto rosada es una pieza decorativa con un dise\u00f1o geom\u00e9trico moderno y llamativo. Perfecta para a\u00f1adir un toque de elegancia y originalidad a cualquier espacio, su estilo \u00fanico har\u00e1 que destaque en cualquier rinc\u00f3n de tu hogar u oficina. Durable y llena de personalidad.<\/p>\n<p>Tama\u00f1o grande.<\/p>\n","protected":false},"excerpt":{"rendered":"<p>Esta mariposa de concreto rosada es una pieza decorativa con un dise\u00f1o geom\u00e9trico moderno y llamativo. Perfecta para a\u00f1adir un toque de elegancia y originalidad a cualquier espacio, su estilo \u00fanico har\u00e1 que destaque en cualquier rinc\u00f3n de tu hogar u oficina. Durable y llena de personalidad. Tama\u00f1o grande.<\/p>\n","protected":false},"featured_media":11833,"template":"","meta":{"_acf_changed":false},"product_brand":[],"product_cat":[30,108],"product_tag":[],"class_list":{"0":"post-12087","1":"product","2":"type-product","3":"status-publish","4":"has-post-thumbnail","6":"product_cat-decohogar","7":"product_cat-letras_concreto","9":"first","10":"instock","11":"shipping-taxable","12":"purchasable","13":"product-type-simple"},"acf":[],"_links":{"self":[{"href":"https:\/\/manna.pe\/en\/wp-json\/wp\/v2\/product\/12087"}],"collection":[{"href":"https:\/\/manna.pe\/en\/wp-json\/wp\/v2\/product"}],"about":[{"href":"https:\/\/manna.pe\/en\/wp-json\/wp\/v2\/types\/product"}],"wp:featuredmedia":[{"embeddable":true,"href":"https:\/\/manna.pe\/en\/wp-json\/wp\/v2\/media\/11833"}],"wp:attachment":[{"href":"https:\/\/manna.pe\/en\/wp-json\/wp\/v2\/media?parent=12087"}],"wp:term":[{"taxonomy":"product_brand","embeddable":true,"href":"https:\/\/manna.pe\/en\/wp-json\/wp\/v2\/product_brand?post=12087"},{"taxonomy":"product_cat","embeddable":true,"href":"https:\/\/manna.pe\/en\/wp-json\/wp\/v2\/product_cat?post=12087"},{"taxonomy":"product_tag","embeddable":true,"href":"https:\/\/manna.pe\/en\/wp-json\/wp\/v2\/product_tag?post=12087"}],"curies":[{"name":"wp","href":"https:\/\/api.w.org\/{rel}","templated":true}]}}