{"id":12080,"date":"2024-10-09T13:02:25","date_gmt":"2024-10-09T18:02:25","guid":{"rendered":"https:\/\/manna.pe\/?post_type=product&#038;p=12080"},"modified":"2024-10-25T20:54:53","modified_gmt":"2024-10-26T01:54:53","slug":"viejito-en-concreto","status":"publish","type":"product","link":"https:\/\/manna.pe\/en\/producto\/viejito-en-concreto\/","title":{"rendered":"Viejito en Concreto"},"content":{"rendered":"<p>Este encantador dise\u00f1o de concreto con la palabra &#8220;viejito&#8221;, es ideal para agregar un toque de calidez y cari\u00f1o a cualquier rinc\u00f3n de tu hogar. Su dise\u00f1o robusto y su coraz\u00f3n decorativo lo convierten en un regalo perfecto o una pieza \u00fanica para tu propia decoraci\u00f3n.<\/p>\n","protected":false},"excerpt":{"rendered":"<p>Este encantador dise\u00f1o de concreto con la palabra &#8220;viejito&#8221;, es ideal para agregar un toque de calidez y cari\u00f1o a cualquier rinc\u00f3n de tu hogar. Su dise\u00f1o robusto y su coraz\u00f3n decorativo lo convierten en un regalo perfecto o una pieza \u00fanica para tu propia decoraci\u00f3n.<\/p>\n","protected":false},"featured_media":11840,"template":"","meta":{"_acf_changed":false},"product_brand":[],"product_cat":[30,108],"product_tag":[],"class_list":{"0":"post-12080","1":"product","2":"type-product","3":"status-publish","4":"has-post-thumbnail","6":"product_cat-decohogar","7":"product_cat-letras_concreto","9":"first","10":"instock","11":"shipping-taxable","12":"purchasable","13":"product-type-simple"},"acf":[],"_links":{"self":[{"href":"https:\/\/manna.pe\/en\/wp-json\/wp\/v2\/product\/12080"}],"collection":[{"href":"https:\/\/manna.pe\/en\/wp-json\/wp\/v2\/product"}],"about":[{"href":"https:\/\/manna.pe\/en\/wp-json\/wp\/v2\/types\/product"}],"wp:featuredmedia":[{"embeddable":true,"href":"https:\/\/manna.pe\/en\/wp-json\/wp\/v2\/media\/11840"}],"wp:attachment":[{"href":"https:\/\/manna.pe\/en\/wp-json\/wp\/v2\/media?parent=12080"}],"wp:term":[{"taxonomy":"product_brand","embeddable":true,"href":"https:\/\/manna.pe\/en\/wp-json\/wp\/v2\/product_brand?post=12080"},{"taxonomy":"product_cat","embeddable":true,"href":"https:\/\/manna.pe\/en\/wp-json\/wp\/v2\/product_cat?post=12080"},{"taxonomy":"product_tag","embeddable":true,"href":"https:\/\/manna.pe\/en\/wp-json\/wp\/v2\/product_tag?post=12080"}],"curies":[{"name":"wp","href":"https:\/\/api.w.org\/{rel}","templated":true}]}}