{"id":12077,"date":"2024-10-09T12:48:20","date_gmt":"2024-10-09T17:48:20","guid":{"rendered":"https:\/\/manna.pe\/?post_type=product&#038;p=12077"},"modified":"2025-08-31T23:22:03","modified_gmt":"2025-09-01T04:22:03","slug":"lima-en-concreto","status":"publish","type":"product","link":"https:\/\/manna.pe\/en\/producto\/lima-en-concreto\/","title":{"rendered":"Lima en Concreto"},"content":{"rendered":"<p>Este hermoso objeto de decoraci\u00f3n en concreto presenta la palabra &#8220;Lima&#8221; esculpida con un dise\u00f1o contempor\u00e1neo y elegante. Cada letra refleja la esencia de la ciudad, con su mezcla de historia, cultura y modernidad.<\/p>\n<p>Perfecto para quienes quieren llevar un pedacito de la ciudad en su d\u00eda a d\u00eda, este regalo es una declaraci\u00f3n de amor a Lima y a su singularidad. Un detalle que seguramente ser\u00e1 apreciado por quienes tienen un lazo especial con esta hermoso lugar.<\/p>\n","protected":false},"excerpt":{"rendered":"<p>Este hermoso objeto de decoraci\u00f3n en concreto presenta la palabra &#8220;Lima&#8221; esculpida con un dise\u00f1o contempor\u00e1neo y elegante. Cada letra refleja la esencia de la ciudad, con su mezcla de historia, cultura y modernidad. Perfecto para quienes quieren llevar un pedacito de la ciudad en su d\u00eda a d\u00eda, este regalo es una declaraci\u00f3n de [&hellip;]<\/p>\n","protected":false},"featured_media":11849,"template":"","meta":{"_acf_changed":false},"product_brand":[],"product_cat":[2231,30,108],"product_tag":[],"class_list":{"0":"post-12077","1":"product","2":"type-product","3":"status-publish","4":"has-post-thumbnail","6":"product_cat-recuerdos-peru","7":"product_cat-decohogar","8":"product_cat-letras_concreto","10":"first","11":"instock","12":"shipping-taxable","13":"purchasable","14":"product-type-simple"},"acf":[],"_links":{"self":[{"href":"https:\/\/manna.pe\/en\/wp-json\/wp\/v2\/product\/12077"}],"collection":[{"href":"https:\/\/manna.pe\/en\/wp-json\/wp\/v2\/product"}],"about":[{"href":"https:\/\/manna.pe\/en\/wp-json\/wp\/v2\/types\/product"}],"wp:featuredmedia":[{"embeddable":true,"href":"https:\/\/manna.pe\/en\/wp-json\/wp\/v2\/media\/11849"}],"wp:attachment":[{"href":"https:\/\/manna.pe\/en\/wp-json\/wp\/v2\/media?parent=12077"}],"wp:term":[{"taxonomy":"product_brand","embeddable":true,"href":"https:\/\/manna.pe\/en\/wp-json\/wp\/v2\/product_brand?post=12077"},{"taxonomy":"product_cat","embeddable":true,"href":"https:\/\/manna.pe\/en\/wp-json\/wp\/v2\/product_cat?post=12077"},{"taxonomy":"product_tag","embeddable":true,"href":"https:\/\/manna.pe\/en\/wp-json\/wp\/v2\/product_tag?post=12077"}],"curies":[{"name":"wp","href":"https:\/\/api.w.org\/{rel}","templated":true}]}}