{"id":12076,"date":"2024-10-09T12:48:30","date_gmt":"2024-10-09T17:48:30","guid":{"rendered":"https:\/\/manna.pe\/?post_type=product&#038;p=12076"},"modified":"2024-10-25T20:50:14","modified_gmt":"2024-10-26T01:50:14","slug":"peru-en-concreto","status":"publish","type":"product","link":"https:\/\/manna.pe\/en\/producto\/peru-en-concreto\/","title":{"rendered":"Per\u00fa en Concreto"},"content":{"rendered":"<p>Este elegante objeto de decoraci\u00f3n en concreto presenta la palabra &#8220;Per\u00fa&#8221;, esculpida con un dise\u00f1o moderno que captura la esencia de la riqueza cultural y natural de nuestro pa\u00eds. Cada letra refleja la diversidad de paisajes, tradiciones y la calidez de su gente, convirtiendo esta pieza en un aut\u00e9ntico homenaje a nuestra identidad.<\/p>\n","protected":false},"excerpt":{"rendered":"<p>Este elegante objeto de decoraci\u00f3n en concreto presenta la palabra &#8220;Per\u00fa&#8221;, esculpida con un dise\u00f1o moderno que captura la esencia de la riqueza cultural y natural de nuestro pa\u00eds. Cada letra refleja la diversidad de paisajes, tradiciones y la calidez de su gente, convirtiendo esta pieza en un aut\u00e9ntico homenaje a nuestra identidad.<\/p>\n","protected":false},"featured_media":11851,"template":"","meta":{"_acf_changed":false},"product_brand":[],"product_cat":[2231,30,108],"product_tag":[],"class_list":{"0":"post-12076","1":"product","2":"type-product","3":"status-publish","4":"has-post-thumbnail","6":"product_cat-recuerdos-peru","7":"product_cat-decohogar","8":"product_cat-letras_concreto","10":"first","11":"instock","12":"shipping-taxable","13":"purchasable","14":"product-type-simple"},"acf":[],"_links":{"self":[{"href":"https:\/\/manna.pe\/en\/wp-json\/wp\/v2\/product\/12076"}],"collection":[{"href":"https:\/\/manna.pe\/en\/wp-json\/wp\/v2\/product"}],"about":[{"href":"https:\/\/manna.pe\/en\/wp-json\/wp\/v2\/types\/product"}],"wp:featuredmedia":[{"embeddable":true,"href":"https:\/\/manna.pe\/en\/wp-json\/wp\/v2\/media\/11851"}],"wp:attachment":[{"href":"https:\/\/manna.pe\/en\/wp-json\/wp\/v2\/media?parent=12076"}],"wp:term":[{"taxonomy":"product_brand","embeddable":true,"href":"https:\/\/manna.pe\/en\/wp-json\/wp\/v2\/product_brand?post=12076"},{"taxonomy":"product_cat","embeddable":true,"href":"https:\/\/manna.pe\/en\/wp-json\/wp\/v2\/product_cat?post=12076"},{"taxonomy":"product_tag","embeddable":true,"href":"https:\/\/manna.pe\/en\/wp-json\/wp\/v2\/product_tag?post=12076"}],"curies":[{"name":"wp","href":"https:\/\/api.w.org\/{rel}","templated":true}]}}