{"id":12071,"date":"2024-10-09T12:27:11","date_gmt":"2024-10-09T17:27:11","guid":{"rendered":"https:\/\/manna.pe\/?post_type=product&#038;p=12071"},"modified":"2024-10-25T20:53:59","modified_gmt":"2024-10-26T01:53:59","slug":"teach-clip-en-concreto","status":"publish","type":"product","link":"https:\/\/manna.pe\/en\/producto\/teach-clip-en-concreto\/","title":{"rendered":"Teach Clip en Concreto"},"content":{"rendered":"<p>Este dise\u00f1o de concreto en forma de manzana roja con la frase &#8220;Teach, Love, Inspire&#8221; es el regalo perfecto para educadores y personas que inspiran. Con un mensaje positivo y lleno de motivaci\u00f3n, es ideal para decorar espacios de trabajo o como un detalle significativo para aquellos que ense\u00f1an con amor y dedicaci\u00f3n.<\/p>\n","protected":false},"excerpt":{"rendered":"<p>Este dise\u00f1o de concreto en forma de manzana roja con la frase &#8220;Teach, Love, Inspire&#8221; es el regalo perfecto para educadores y personas que inspiran. Con un mensaje positivo y lleno de motivaci\u00f3n, es ideal para decorar espacios de trabajo o como un detalle significativo para aquellos que ense\u00f1an con amor y dedicaci\u00f3n.<\/p>\n","protected":false},"featured_media":11798,"template":"","meta":{"_acf_changed":false},"product_brand":[],"product_cat":[30,108],"product_tag":[],"class_list":{"0":"post-12071","1":"product","2":"type-product","3":"status-publish","4":"has-post-thumbnail","6":"product_cat-decohogar","7":"product_cat-letras_concreto","9":"first","10":"instock","11":"shipping-taxable","12":"purchasable","13":"product-type-simple"},"acf":[],"_links":{"self":[{"href":"https:\/\/manna.pe\/en\/wp-json\/wp\/v2\/product\/12071"}],"collection":[{"href":"https:\/\/manna.pe\/en\/wp-json\/wp\/v2\/product"}],"about":[{"href":"https:\/\/manna.pe\/en\/wp-json\/wp\/v2\/types\/product"}],"wp:featuredmedia":[{"embeddable":true,"href":"https:\/\/manna.pe\/en\/wp-json\/wp\/v2\/media\/11798"}],"wp:attachment":[{"href":"https:\/\/manna.pe\/en\/wp-json\/wp\/v2\/media?parent=12071"}],"wp:term":[{"taxonomy":"product_brand","embeddable":true,"href":"https:\/\/manna.pe\/en\/wp-json\/wp\/v2\/product_brand?post=12071"},{"taxonomy":"product_cat","embeddable":true,"href":"https:\/\/manna.pe\/en\/wp-json\/wp\/v2\/product_cat?post=12071"},{"taxonomy":"product_tag","embeddable":true,"href":"https:\/\/manna.pe\/en\/wp-json\/wp\/v2\/product_tag?post=12071"}],"curies":[{"name":"wp","href":"https:\/\/api.w.org\/{rel}","templated":true}]}}